{"id":178,"date":"2020-03-31T17:24:35","date_gmt":"2020-03-31T17:24:35","guid":{"rendered":"http:\/\/sgdoe.de\/?page_id=178"},"modified":"2026-04-02T10:14:57","modified_gmt":"2026-04-02T10:14:57","slug":"datenschutz","status":"publish","type":"page","link":"https:\/\/sgdoe.de\/?page_id=178","title":{"rendered":"Datenschutz"},"content":{"rendered":"\n<p><strong><a href=\"https:\/\/www.wlsb.de\/datenschutzerklaerung\">Datenschutzerkl\u00e4rung<\/a><\/strong><\/p>\n\n\n\n<p>Diese\nDatenschutzerkl\u00e4rung kl\u00e4rt Sie \u00fcber die Art, den Umfang und Zweck der\nVerarbeitung von personenbezogenen Daten (nachfolgend kurz \u201eDaten\u201c) innerhalb\nunseres Onlineangebotes und der mit ihm verbundenen Webseiten, Funktionen und\nInhalte sowie externen Onlinepr\u00e4senzen, wie z.B. unser Social Media Profile\nauf. (nachfolgend gemeinsam bezeichnet als \u201eOnlineangebot\u201c). Im Hinblick auf\ndie verwendeten Begrifflichkeiten, wie z.B. \u201eVerarbeitung\u201c oder\n\u201eVerantwortlicher\u201c verweisen wir auf die Definitionen im Art. 4 der\nDatenschutzgrundverordnung (DSGVO).<\/p>\n\n\n\n<p><strong>Datenschutzbeauftragter<\/strong><\/p>\n\n\n\n<p>Da im Verein in der Regel weniger als 20 Personen st\u00e4ndig mit der automatisierten Verarbeitung personenbezogener Daten besch\u00e4ftigt sind, hat die SG keinen Datenschutzbeauftragten zu benennen.\u00a0<\/p>\n\n\n\n<p>Verantwortlich f\u00fcr den Datenschutz ist der Vorstand der SG Degmarn Oedheim. Sie erreichen den Vorstand. E-Mail:\u00a0<a href=\"mailto:vorstand@sgdoe.de\">vorstand@sgdoe.de<\/a>\u00a0<\/p>\n\n\n\n<p><strong>Arten der\nverarbeiteten Daten:<\/strong><\/p>\n\n\n\n<p>&#8211; Bestandsdaten (z.B.,\nNamen, Adressen).<br>\n&#8211; Kontaktdaten (z.B., E-Mail, Telefonnummern).<br>\n&#8211; Inhaltsdaten (z.B., Texteingaben, Fotografien, Videos).<br>\n&#8211; Nutzungsdaten (z.B., besuchte Webseiten, Interesse an Inhalten,\nZugriffszeiten).<br>\n&#8211; Meta-\/Kommunikationsdaten (z.B., Ger\u00e4te-Informationen, IP-Adressen).<\/p>\n\n\n\n<p><strong>Zweck der Verarbeitung<\/strong><\/p>\n\n\n\n<p>&#8211; Zurverf\u00fcgungstellung\ndes Onlineangebotes, seiner Funktionen und Inhalte.<br>\n&#8211; Beantwortung von Kontaktanfragen und Kommunikation mit Nutzern.<br>\n&#8211; Sicherheitsma\u00dfnahmen.<br>\n&#8211; Reichweitenmessung\/Marketing<\/p>\n\n\n\n<p><strong>Gesch\u00e4ftsbezogene\nVerarbeitung<\/strong><\/p>\n\n\n\n<p>Zus\u00e4tzlich verarbeiten\nwir<br>\n&#8211; Vertragsdaten (z.B., Vertragsgegenstand, Laufzeit, Kundenkategorie).<br>\n&#8211; Zahlungsdaten (z.B., Bankverbindung, Zahlungshistorie)<br>\nvon unseren Kunden, Interessenten und Gesch\u00e4ftspartner zwecks Erbringung\nvertraglicher Leistungen, Service und Kundenpflege, Marketing, Werbung und Marktforschung.<\/p>\n\n\n\n<p><strong>Verwendete\nBegrifflichkeiten<\/strong><\/p>\n\n\n\n<p>\u201ePersonenbezogene\nDaten\u201c sind alle Informationen, die sich auf eine identifizierte oder\nidentifizierbare nat\u00fcrliche Person (im Folgenden \u201ebetroffene Person\u201c) beziehen;\nals identifizierbar wird eine nat\u00fcrliche Person angesehen, die direkt oder\nindirekt, insbesondere mittels Zuordnung zu einer Kennung wie einem Namen, zu\neiner Kennnummer, zu Standortdaten, zu einer Online-Kennung (z.B. Cookie) oder\nzu einem oder mehreren besonderen Merkmalen identifiziert werden kann, die\nAusdruck der physischen, physiologischen, genetischen, psychischen,\nwirtschaftlichen, kulturellen oder sozialen Identit\u00e4t dieser nat\u00fcrlichen Person\nsind.<\/p>\n\n\n\n<p>\u201eVerarbeitung\u201c ist\njeder mit oder ohne Hilfe automatisierter Verfahren ausgef\u00fchrten Vorgang oder jede\nsolche Vorgangsreihe im Zusammenhang mit personenbezogenen Daten. Der Begriff\nreicht weit und umfasst praktisch jeden Umgang mit Daten.<\/p>\n\n\n\n<p>Als \u201eVerantwortlicher\u201c\nwird die nat\u00fcrliche oder juristische Person, Beh\u00f6rde, Einrichtung oder andere\nStelle, die allein oder gemeinsam mit anderen \u00fcber die Zwecke und Mittel der\nVerarbeitung von personenbezogenen Daten entscheidet, bezeichnet.<\/p>\n\n\n\n<p>\u201eProfiling\u201c jede Art\nder automatisierten Verarbeitung personenbezogener Daten, die darin besteht,\ndass diese personenbezogenen Daten verwendet werden, um bestimmte pers\u00f6nliche\nAspekte, die sich auf eine nat\u00fcrliche Person beziehen, zu bewerten,\ninsbesondere um Aspekte bez\u00fcglich Arbeitsleistung, wirtschaftliche Lage,\nGesundheit, pers\u00f6nliche Vorlieben, Interessen, Zuverl\u00e4ssigkeit, Verhalten,\nAufenthaltsort oder Ortswechsel dieser nat\u00fcrlichen Person zu analysieren oder\nvorherzusagen.<\/p>\n\n\n\n<p>\u201eAuftragsverarbeiter\u201c\neine nat\u00fcrliche oder juristische Person, Beh\u00f6rde, Einrichtung oder andere\nStelle, die personenbezogene Daten im Auftrag des Verantwortlichen verarbeitet.<\/p>\n\n\n\n<p><strong>Ma\u00dfgebliche\nRechtsgrundlagen<\/strong><\/p>\n\n\n\n<p>Nach Ma\u00dfgabe des Art.\n13 DSGVO teilen wir Ihnen die Rechtsgrundlagen unserer Datenverarbeitungen mit.\nSofern die Rechtsgrundlage in der Datenschutzerkl\u00e4rung nicht genannt wird, gilt\nFolgendes: Die Rechtsgrundlage f\u00fcr die Einholung von Einwilligungen ist Art. 6\nAbs. 1 lit. a und Art. 7 DSGVO, die Rechtsgrundlage f\u00fcr die Verarbeitung zur\nErf\u00fcllung unserer Leistungen und Durchf\u00fchrung vertraglicher Ma\u00dfnahmen sowie\nBeantwortung von Anfragen ist Art. 6 Abs. 1 lit. b DSGVO, die Rechtsgrundlage\nf\u00fcr die Verarbeitung zur Erf\u00fcllung unserer rechtlichen Verpflichtungen ist Art.\n6 Abs. 1 lit. c DSGVO, und die Rechtsgrundlage f\u00fcr die Verarbeitung zur Wahrung\nunserer berechtigten Interessen ist Art. 6 Abs. 1 lit. f DSGVO. F\u00fcr den Fall,\ndass lebenswichtige Interessen der betroffenen Person oder einer anderen\nnat\u00fcrlichen Person eine Verarbeitung personenbezogener Daten erforderlich\nmachen, dient Art. 6 Abs. 1 lit. d DSGVO als Rechtsgrundlage.<\/p>\n\n\n\n<p><strong>Sicherheitsma\u00dfnahmen<\/strong><\/p>\n\n\n\n<p>Wir treffen nach\nMa\u00dfgabe des Art. 32 DSGVO unter Ber\u00fccksichtigung des Stands der Technik, der\nImplementierungskosten und der Art, des Umfangs, der Umst\u00e4nde und der Zwecke\nder Verarbeitung sowie der unterschiedlichen Eintrittswahrscheinlichkeit und\nSchwere des Risikos f\u00fcr die Rechte und Freiheiten nat\u00fcrlicher Personen,\ngeeignete technische und organisatorische Ma\u00dfnahmen, um ein dem Risiko\nangemessenes Schutzniveau zu gew\u00e4hrleisten.<\/p>\n\n\n\n<p>Zu den Ma\u00dfnahmen\ngeh\u00f6ren insbesondere die Sicherung der Vertraulichkeit, Integrit\u00e4t und Verf\u00fcgbarkeit\nvon Daten durch Kontrolle des physischen Zugangs zu den Daten, als auch des sie\nbetreffenden Zugriffs, der Eingabe, Weitergabe, der Sicherung der Verf\u00fcgbarkeit\nund ihrer Trennung. Des Weiteren haben wir Verfahren eingerichtet, die eine\nWahrnehmung von Betroffenenrechten, L\u00f6schung von Daten und Reaktion auf\nGef\u00e4hrdung der Daten gew\u00e4hrleisten. Ferner ber\u00fccksichtigen wir den Schutz\npersonenbezogener Daten bereits bei der Entwicklung, bzw. Auswahl von Hardware,\nSoftware sowie Verfahren, entsprechend dem Prinzip des Datenschutzes durch\nTechnikgestaltung und durch datenschutzfreundliche Voreinstellungen (Art. 25\nDSGVO).<\/p>\n\n\n\n<p>Wir bitten Sie sich\nregelm\u00e4\u00dfig \u00fcber den Inhalt unserer Datenschutzerkl\u00e4rung zu informieren. Wir\npassen die Datenschutzerkl\u00e4rung an, sobald die \u00c4nderungen der von uns\ndurchgef\u00fchrten Datenverarbeitungen dies erforderlich machen. Wir informieren\nSie, sobald durch die \u00c4nderungen eine Mitwirkungshandlung Ihrerseits (z.B.\nEinwilligung) oder eine sonstige individuelle Benachrichtigung erforderlich\nwird.<\/p>\n\n\n\n<p><strong>Zusammenarbeit mit\nAuftragsverarbeitern und Dritten<\/strong><\/p>\n\n\n\n<p>Sofern wir im Rahmen\nunserer Verarbeitung Daten gegen\u00fcber anderen Personen und Unternehmen\n(Auftragsverarbeitern oder Dritten) offenbaren, sie an diese \u00fcbermitteln oder\nihnen sonst Zugriff auf die Daten gew\u00e4hren, erfolgt dies nur auf Grundlage\neiner gesetzlichen Erlaubnis (z.B. wenn eine \u00dcbermittlung der Daten an Dritte,\nwie an Zahlungsdienstleister, gem. Art. 6 Abs. 1 lit. b DSGVO zur\nVertragserf\u00fcllung erforderlich ist), Sie eingewilligt haben, eine rechtliche\nVerpflichtung dies vorsieht oder auf Grundlage unserer berechtigten Interessen\n(z.B. beim Einsatz von Beauftragten, Webhostern, etc.).<\/p>\n\n\n\n<p>Sofern wir Dritte mit\nder Verarbeitung von Daten auf Grundlage eines sog.\n\u201eAuftragsverarbeitungsvertrages\u201c beauftragen, geschieht dies auf Grundlage des\nArt. 28 DSGVO.<\/p>\n\n\n\n<p><strong>\u00dcbermittlungen in\nDrittl\u00e4nder<\/strong><\/p>\n\n\n\n<p>Sofern wir Daten in einem Drittland (d.h. au\u00dferhalb der Europ\u00e4ischen Union (EU) oder des Europ\u00e4ischen Wirtschaftsraums (EWR)) verarbeiten oder dies im Rahmen der Inanspruchnahme von Diensten Dritter oder Offenlegung, bzw. \u00dcbermittlung von Daten an Dritte geschieht, erfolgt dies nur, wenn es zur Erf\u00fcllung unserer (vor)vertraglichen Pflichten, auf Grundlage Ihrer Einwilligung, aufgrund einer rechtlichen Verpflichtung oder auf Grundlage unserer berechtigten Interessen geschieht. Vorbehaltlich gesetzlicher oder vertraglicher Erlaubnisse, verarbeiten oder lassen wir die Daten in einem Drittland nur beim Vorliegen der besonderen Voraussetzungen der Art. 44 ff. DSGVO verarbeiten. D.h. die Verarbeitung erfolgt auf Basis eines angemessene Datenschutzniveau gem\u00e4\u00df Beschl\u00fcssen der EU-Kommission.<\/p>\n\n\n\n<p><strong>Rechte der betroffenen\nPersonen<\/strong><\/p>\n\n\n\n<p>Sie haben das Recht,\neine Best\u00e4tigung dar\u00fcber zu verlangen, ob betreffende Daten verarbeitet werden\nund auf Auskunft \u00fcber diese Daten sowie auf weitere Informationen und Kopie der\nDaten entsprechend Art. 15 DSGVO.<\/p>\n\n\n\n<p>Sie haben\nentsprechend. Art. 16 DSGVO das Recht, die Vervollst\u00e4ndigung der Sie\nbetreffenden Daten oder die Berichtigung der Sie betreffenden unrichtigen Daten\nzu verlangen.<\/p>\n\n\n\n<p>Sie haben nach Ma\u00dfgabe\ndes Art. 17 DSGVO das Recht zu verlangen, dass betreffende Daten unverz\u00fcglich\ngel\u00f6scht werden, bzw. alternativ nach Ma\u00dfgabe des Art. 18 DSGVO eine\nEinschr\u00e4nkung der Verarbeitung der Daten zu verlangen.<\/p>\n\n\n\n<p>Sie haben das Recht zu\nverlangen, dass die Sie betreffenden Daten, die Sie uns bereitgestellt haben\nnach Ma\u00dfgabe des Art. 20 DSGVO zu erhalten und deren \u00dcbermittlung an andere\nVerantwortliche zu fordern.<\/p>\n\n\n\n<p>Sie haben ferner gem.\nArt. 77 DSGVO das Recht, eine Beschwerde bei der zust\u00e4ndigen Aufsichtsbeh\u00f6rde\neinzureichen.<\/p>\n\n\n\n<p><strong>Widerrufsrecht<\/strong><\/p>\n\n\n\n<p>Sie haben das Recht,\nerteilte Einwilligungen gem. Art. 7 Abs. 3 DSGVO mit Wirkung f\u00fcr die Zukunft zu\nwiderrufen<\/p>\n\n\n\n<p><strong>Widerspruchsrecht<\/strong><\/p>\n\n\n\n<p>Sie k\u00f6nnen der\nk\u00fcnftigen Verarbeitung der Sie betreffenden Daten nach Ma\u00dfgabe des Art. 21\nDSGVO jederzeit widersprechen. Der Widerspruch kann insbesondere gegen die\nVerarbeitung f\u00fcr Zwecke der Direktwerbung erfolgen.<\/p>\n\n\n\n<p><strong>Cookies<\/strong><\/p>\n\n\n\n<p>Die Internetseiten\nverwenden teilweise so genannte Cookies. Cookies richten auf Ihrem Rechner\nkeinen Schaden an und enthalten keine Viren. Cookies dienen dazu, unser Angebot\nnutzerfreundlicher, effektiver und sicherer zu machen. Cookies sind kleine\nTextdateien, die auf Ihrem Rechner abgelegt werden und die Ihr Browser\nspeichert.<\/p>\n\n\n\n<p>Die meisten der von\nuns verwendeten Cookies sind so genannte \u201cSession-Cookies\u201d. Sie werden nach\nEnde Ihres Besuchs automatisch gel\u00f6scht. Andere Cookies bleiben auf Ihrem\nEndger\u00e4t gespeichert bis Sie diese l\u00f6schen. Diese Cookies erm\u00f6glichen es uns,\nIhren Browser beim n\u00e4chsten Besuch wiederzuerkennen.<\/p>\n\n\n\n<p>Sie k\u00f6nnen Ihren\nBrowser so einstellen, dass Sie \u00fcber das Setzen von Cookies informiert werden\nund Cookies nur im Einzelfall erlauben, die Annahme von Cookies f\u00fcr bestimmte\nF\u00e4lle oder generell ausschlie\u00dfen sowie das automatische L\u00f6schen der Cookies\nbeim Schlie\u00dfen des Browsers aktivieren. Bei der Deaktivierung von Cookies kann\ndie Funktionalit\u00e4t dieser Website eingeschr\u00e4nkt sein.<\/p>\n\n\n\n<p>Cookies, die zur\nDurchf\u00fchrung des elektronischen Kommunikationsvorgangs oder zur Bereitstellung\nbestimmter, von Ihnen erw\u00fcnschter Funktionen (z.B. Warenkorbfunktion)\nerforderlich sind, werden auf Grundlage von Art. 6 Abs. 1 lit. f DSGVO\ngespeichert. Der Websitebetreiber hat ein berechtigtes Interesse an der\nSpeicherung von Cookies zur technisch fehlerfreien und optimierten\nBereitstellung seiner Dienste. Soweit andere Cookies (z.B. Cookies zur Analyse\nIhres Surfverhaltens) gespeichert werden, werden diese in dieser\nDatenschutzerkl\u00e4rung gesondert behandelt.<\/p>\n\n\n\n<p><strong>L\u00f6schung von Daten<\/strong><\/p>\n\n\n\n<p>Die von uns\nverarbeiteten Daten werden nach Ma\u00dfgabe der Art. 17 und 18 DSGVO gel\u00f6scht oder\nin ihrer Verarbeitung eingeschr\u00e4nkt. Sofern nicht im Rahmen dieser\nDatenschutzerkl\u00e4rung ausdr\u00fccklich angegeben, werden die bei uns gespeicherten\nDaten gel\u00f6scht, sobald sie f\u00fcr ihre Zweckbestimmung nicht mehr erforderlich\nsind und der L\u00f6schung keine gesetzlichen Aufbewahrungspflichten entgegenstehen.\nSofern die Daten nicht gel\u00f6scht werden, weil sie f\u00fcr andere und gesetzlich\nzul\u00e4ssige Zwecke erforderlich sind, wird deren Verarbeitung eingeschr\u00e4nkt. D.h.\ndie Daten werden gesperrt und nicht f\u00fcr andere Zwecke verarbeitet. Das gilt\nz.B. f\u00fcr Daten, die aus handels- oder steuerrechtlichen Gr\u00fcnden aufbewahrt\nwerden m\u00fcssen.<\/p>\n\n\n\n<p>Nach gesetzlichen\nVorgaben in Deutschland erfolgt die Aufbewahrung insbesondere f\u00fcr 6 Jahre gem\u00e4\u00df\n\u00a7 257 Abs. 1 HGB (Handelsb\u00fccher, Inventare, Er\u00f6ffnungsbilanzen,\nJahresabschl\u00fcsse, Handelsbriefe, Buchungsbelege, etc.) sowie f\u00fcr 10 Jahre gem\u00e4\u00df\n\u00a7 147 Abs. 1 AO (B\u00fccher, Aufzeichnungen, Lageberichte, Buchungsbelege, Handels-\nund Gesch\u00e4ftsbriefe, F\u00fcr Besteuerung relevante Unterlagen, etc.).<\/p>\n\n\n\n<p>Nach gesetzlichen\nVorgaben in \u00d6sterreich erfolgt die Aufbewahrung insbesondere f\u00fcr 7 J gem\u00e4\u00df \u00a7\n132 Abs. 1 BAO (Buchhaltungsunterlagen, Belege\/Rechnungen, Konten, Belege,\nGesch\u00e4ftspapiere, Aufstellung der Einnahmen und Ausgaben, etc.), f\u00fcr 22 Jahre\nim Zusammenhang mit Grundst\u00fccken und f\u00fcr 10 Jahre bei Unterlagen im\nZusammenhang mit elektronisch erbrachten Leistungen, Telekommunikations-,\nRundfunk- und Fernsehleistungen, die an Nichtunternehmer in EU-Mitgliedstaaten\nerbracht werden und f\u00fcr die der Mini-One-Stop-Shop (MOSS) in Anspruch genommen\nwird.<\/p>\n\n\n\n<p><strong>Hosting<\/strong><\/p>\n\n\n\n<p>Die von uns in\nAnspruch genommenen Hosting-Leistungen dienen der Zurverf\u00fcgungstellung der\nfolgenden Leistungen: Infrastruktur- und Plattformdienstleistungen,\nRechenkapazit\u00e4t, Speicherplatz und Datenbankdienste, Sicherheitsleistungen\nsowie technische Wartungsleistungen, die wir zum Zwecke des Betriebs dieses\nOnlineangebotes einsetzen.<\/p>\n\n\n\n<p>Hierbei verarbeiten\nwir, bzw. unser Hostinganbieter Bestandsdaten, Kontaktdaten, Inhaltsdaten,\nVertragsdaten, Nutzungsdaten, Meta- und Kommunikationsdaten von Kunden,\nInteressenten und Besuchern dieses Onlineangebotes auf Grundlage unserer\nberechtigten Interessen an einer effizienten und sicheren Zurverf\u00fcgungstellung\ndieses Onlineangebotes gem. Art. 6 Abs. 1 lit. f DSGVO i.V.m. Art. 28 DSGVO\n(Abschluss Auftragsverarbeitungsvertrag).<\/p>\n\n\n\n<p><strong>Erbringung unserer\nsatzungs- und gesch\u00e4ftsgem\u00e4\u00dfen Leistungen<\/strong><\/p>\n\n\n\n<p>Wir verarbeiten die\nDaten unserer Mitglieder, Unterst\u00fctzer, Interessenten, Kunden oder sonstiger\nPersonen entsprechend Art. 6 Abs. 1 lit. b. DSGVO, sofern wir ihnen gegen\u00fcber\nvertragliche Leistungen anbieten oder im Rahmen bestehender gesch\u00e4ftlicher Beziehung,\nz.B. gegen\u00fcber Mitgliedern, t\u00e4tig werden oder selbst Empf\u00e4nger von Leistungen\nund Zuwendungen sind. Im \u00dcbrigen verarbeiten wir die Daten betroffener Personen\ngem. Art. 6 Abs. 1 lit. f. DSGVO auf Grundlage unserer berechtigten Interessen,\nz.B. wenn es sich um administrative Aufgaben oder \u00d6ffentlichkeitsarbeit\nhandelt.<\/p>\n\n\n\n<p>Die hierbei\nverarbeiteten Daten, die Art, der Umfang und der Zweck und die Erforderlichkeit\nihrer Verarbeitung bestimmen sich nach dem zugrundeliegenden\nVertragsverh\u00e4ltnis. Dazu geh\u00f6ren grunds\u00e4tzlich Bestands- und Stammdaten der\nPersonen (z.B., Name, Adresse, etc.), als auch die Kontaktdaten (z.B.,\nE-Mailadresse, Telefon, etc.), die Vertragsdaten (z.B., in Anspruch genommene\nLeistungen, mitgeteilte Inhalte und Informationen, Namen von Kontaktpersonen)\nund sofern wir zahlungspflichtige Leistungen oder Produkte anbieten,\nZahlungsdaten (z.B., Bankverbindung, Zahlungshistorie, etc.).<\/p>\n\n\n\n<p>Wir l\u00f6schen Daten, die\nzur Erbringung unserer satzungs- und gesch\u00e4ftsm\u00e4\u00dfigen Zwecke nicht mehr\nerforderlich sind. Dies bestimmt sich entsprechend der jeweiligen Aufgaben und\nvertraglichen Beziehungen. Im Fall gesch\u00e4ftlicher Verarbeitung bewahren wir die\nDaten so lange auf, wie sie zur Gesch\u00e4ftsabwicklung, als auch im Hinblick auf\netwaige Gew\u00e4hrleistungs- oder Haftungspflichten relevant sein k\u00f6nnen. Die\nErforderlichkeit der Aufbewahrung der Daten wird alle drei Jahre \u00fcberpr\u00fcft; im\n\u00dcbrigen gelten die gesetzlichen Aufbewahrungspflichten.<\/p>\n\n\n\n<p><strong>Kontaktaufnahme<\/strong><\/p>\n\n\n\n<p>Bei der\nKontaktaufnahme mit uns (z.B. per Kontaktformular, E-Mail, Telefon oder via\nsozialer Medien) werden die Angaben des Nutzers zur Bearbeitung der\nKontaktanfrage und deren Abwicklung gem. Art. 6 Abs. 1 lit. b) DSGVO\nverarbeitet. Wir l\u00f6schen die Anfragen, sofern diese nicht mehr erforderlich\nsind. Wir \u00fcberpr\u00fcfen die Erforderlichkeit alle zwei Jahre; Ferner gelten die\ngesetzlichen Archivierungspflichten.<\/p>\n\n\n\n<p><strong>Onlinepr\u00e4senzen in\nsozialen Medien<\/strong><\/p>\n\n\n\n<p>Wir unterhalten\nOnlinepr\u00e4senzen innerhalb sozialer Netzwerke und Plattformen, um mit den dort\naktiven Kunden, Interessenten und Nutzern kommunizieren und sie dort \u00fcber\nunsere Leistungen informieren zu k\u00f6nnen. Beim Aufruf der jeweiligen Netzwerke\nund Plattformen gelten die Gesch\u00e4ftsbedingungen und die Datenverarbeitungsrichtlinien\nderen jeweiligen Betreiber.<\/p>\n\n\n\n<p>Soweit nicht anders im\nRahmen unserer Datenschutzerkl\u00e4rung angegeben, verarbeiten wir die Daten der\nNutzer sofern diese mit uns innerhalb der sozialen Netzwerke und Plattformen\nkommunizieren, z.B. Beitr\u00e4ge auf unseren Onlinepr\u00e4senzen verfassen oder uns\nNachrichten zusenden.<\/p>\n\n\n\n<p><strong>Einbindung von\nDiensten und Inhalten Dritter<\/strong><\/p>\n\n\n\n<p>Wir setzen innerhalb\nunseres Onlineangebotes auf Grundlage unserer berechtigten Interessen (d.h.\nInteresse an der Analyse, Optimierung und wirtschaftlichem Betrieb unseres\nOnlineangebotes im Sinne des Art. 6 Abs. 1 lit. f. DSGVO) Inhalts- oder\nServiceangebote von Drittanbietern ein, um deren Inhalte und Services, wie z.B.\nVideos oder Schriftarten einzubinden (nachfolgend einheitlich bezeichnet als\n\u201cInhalte\u201d).<\/p>\n\n\n\n<p>Dies setzt immer\nvoraus, dass die Drittanbieter dieser Inhalte, die IP-Adresse der Nutzer\nwahrnehmen, da sie ohne die IP-Adresse die Inhalte nicht an deren Browser\nsenden k\u00f6nnten. Die IP-Adresse ist damit f\u00fcr die Darstellung dieser Inhalte\nerforderlich. Wir bem\u00fchen uns nur solche Inhalte zu verwenden, deren jeweilige\nAnbieter die IP-Adresse lediglich zur Auslieferung der Inhalte verwenden.\nDrittanbieter k\u00f6nnen ferner so genannte Pixel-Tags (unsichtbare Grafiken, auch\nals &#8222;Web Beacons&#8220; bezeichnet) f\u00fcr statistische oder Marketingzwecke\nverwenden. Durch die &#8222;Pixel-Tags&#8220; k\u00f6nnen Informationen, wie der\nBesucherverkehr auf den Seiten dieser Website ausgewertet werden. Die\npseudonymen Informationen k\u00f6nnen ferner in Cookies auf dem Ger\u00e4t der Nutzer\ngespeichert werden und unter anderem technische Informationen zum Browser und\nBetriebssystem, verweisende Webseiten, Besuchszeit sowie weitere Angaben zur\nNutzung unseres Onlineangebotes enthalten, als auch mit solchen Informationen\naus anderen Quellen verbunden werden.<\/p>\n\n\n\n<p><strong>Facebook-Social-Plug-in<\/strong><\/p>\n\n\n\n<p>Wir binden auf unserer\nInternetpr\u00e4senz das Plug-in des Social-Networks Facebook ein. Bei Facebook\nhandelt es sich um einen Internetservice der facebook Inc., 1601 S. California\nAve, Palo Alto, CA 94304, USA. In der EU wird dieser Service wiederum von der\nFacebook Ireland Limited, 4 Grand Canal Square, Dublin 2, Irland, betrieben,\nnachfolgend beide nur \u201eFacebook\u201c genannt. Datenschutzerkl\u00e4rung:&nbsp;<a href=\"https:\/\/de-de.facebook.com\/policy.php\">https:\/\/de-de.facebook.com\/policy.php<\/a><\/p>\n\n\n\n<p><strong>Youtube<\/strong><\/p>\n\n\n\n<p>Wir binden die Videos\nder Plattform \u201cYouTube\u201d des Anbieters Google LLC, 1600 Amphitheatre Parkway,\nMountain View, CA 94043, USA, ein. Datenschutzerkl\u00e4rung:&nbsp;<a href=\"https:\/\/www.google.com\/policies\/privacy\/\">https:\/\/www.google.com\/policies\/privacy\/<\/a>,\nOpt-Out:&nbsp;<a href=\"https:\/\/adssettings.google.com\/authenticated\">https:\/\/adssettings.google.com\/authenticated<\/a>.<\/p>\n\n\n\n<p><strong>Google Maps<\/strong><\/p>\n\n\n\n<p>Wir binden die\nLandkarten des Dienstes \u201cGoogle Maps\u201d des Anbieters Google LLC, 1600\nAmphitheatre Parkway, Mountain View, CA 94043, USA, ein. Zu den verarbeiteten\nDaten k\u00f6nnen insbesondere IP-Adressen und Standortdaten der Nutzer geh\u00f6ren, die\njedoch nicht ohne deren Einwilligung (im Regelfall im Rahmen der Einstellungen\nihrer Mobilger\u00e4te vollzogen), erhoben werden. Die Daten k\u00f6nnen in den USA\nverarbeitet werden. Datenschutzerkl\u00e4rung:&nbsp;<a href=\"https:\/\/www.google.com\/policies\/privacy\/\">https:\/\/www.google.com\/policies\/privacy\/<\/a>,\nOpt-Out:&nbsp;<a href=\"https:\/\/adssettings.google.com\/authenticated\">https:\/\/adssettings.google.com\/authenticated<\/a>.<\/p>\n\n\n\n<p>SG Degmarn Oedheim <br> <a href=\"mailto:vorstand@sgdoe.de\">vorstand@sgdoe.de<\/a><\/p>\n\n\n\n<script>\n(function(e,t,n,r,i,s,o){e[i]=e[i]||function(){(e[i].q=e[i].q||[]).push(arguments)}, e[i].l=1*new Date;s=t.createElement(n),o=t.getElementsByTagName(n)[0];s.async=1; s.src=r;o.parentNode.insertBefore(s,o)})(window,document,\"script\", 'https:\/\/www.handball.net\/widgets\/embed\/v1.js',\"_hb\");\n<\/script>\n","protected":false},"excerpt":{"rendered":"<p>Datenschutzerkl\u00e4rung Diese Datenschutzerkl\u00e4rung kl\u00e4rt Sie \u00fcber die Art, den Umfang und Zweck der Verarbeitung von personenbezogenen Daten (nachfolgend kurz \u201eDaten\u201c) innerhalb unseres Onlineangebotes und der mit ihm verbundenen Webseiten, Funktionen und Inhalte sowie externen Onlinepr\u00e4senzen, wie z.B. unser Social Media Profile auf. (nachfolgend gemeinsam bezeichnet als \u201eOnlineangebot\u201c). Im Hinblick auf die verwendeten Begrifflichkeiten, wie z.B.&hellip; <br \/> <a class=\"read-more\" href=\"https:\/\/sgdoe.de\/?page_id=178\">Weiterlesen<\/a><\/p>\n","protected":false},"author":1,"featured_media":0,"parent":0,"menu_order":0,"comment_status":"closed","ping_status":"closed","template":"","meta":{"footnotes":""},"class_list":["post-178","page","type-page","status-publish","hentry"],"_links":{"self":[{"href":"https:\/\/sgdoe.de\/index.php?rest_route=\/wp\/v2\/pages\/178","targetHints":{"allow":["GET"]}}],"collection":[{"href":"https:\/\/sgdoe.de\/index.php?rest_route=\/wp\/v2\/pages"}],"about":[{"href":"https:\/\/sgdoe.de\/index.php?rest_route=\/wp\/v2\/types\/page"}],"author":[{"embeddable":true,"href":"https:\/\/sgdoe.de\/index.php?rest_route=\/wp\/v2\/users\/1"}],"replies":[{"embeddable":true,"href":"https:\/\/sgdoe.de\/index.php?rest_route=%2Fwp%2Fv2%2Fcomments&post=178"}],"version-history":[{"count":5,"href":"https:\/\/sgdoe.de\/index.php?rest_route=\/wp\/v2\/pages\/178\/revisions"}],"predecessor-version":[{"id":2168,"href":"https:\/\/sgdoe.de\/index.php?rest_route=\/wp\/v2\/pages\/178\/revisions\/2168"}],"wp:attachment":[{"href":"https:\/\/sgdoe.de\/index.php?rest_route=%2Fwp%2Fv2%2Fmedia&parent=178"}],"curies":[{"name":"wp","href":"https:\/\/api.w.org\/{rel}","templated":true}]}}