{"id":180,"date":"2020-04-01T10:07:33","date_gmt":"2020-04-01T10:07:33","guid":{"rendered":"http:\/\/sgdoe.de\/?page_id=180"},"modified":"2020-09-20T12:56:13","modified_gmt":"2020-09-20T12:56:13","slug":"impressum","status":"publish","type":"page","link":"https:\/\/sgdoe.de\/?page_id=180","title":{"rendered":"Impressum"},"content":{"rendered":"\n<p><strong>Impressum<\/strong><\/p>\n\n\n\n<p>Angaben gem\u00e4\u00df \u00a7 5 TMG:\u00a0SG Degmarn-Oedheim<br>\u00a0<\/p>\n\n\n\n<p><strong>Vertreten durch:<\/strong><\/p>\n\n\n\n<p>Simone Karle,  Degmarner Str. 41\/1 , 74229 Oedheim<\/p>\n\n\n\n<p><strong>Erstellung und Einrichtung der Seite:<\/strong><\/p>\n\n\n\n<p>J\u00f6rg Sattler, joerg.sattler@t-online.de<\/p>\n\n\n\n<p><strong>Verantwortlich f\u00fcr den Inhalt nach \u00a7 55 Abs. 2 RStV:<\/strong><\/p>\n\n\n\n<p>Simone Karle,  Degmarner Str. 41\/1 , 74229 Oedheim <\/p>\n\n\n\n<p><strong>Rechtliche Hinweise:<\/strong><\/p>\n\n\n\n<p>Alle Rechte vorbehalten. Die dargestellten Informationen sind Eigentum der SG<br>Degmarn-Oedheim. Sie stellen die zum Zeitpunkt der Publikation jeweils neuesten<br>Informationen dar. Eine Haftung oder Garantie f\u00fcr die Aktualit\u00e4t, Richtigkeit und<br>Vollst\u00e4ndigkeit der zur Verf\u00fcgung gestellten Informationen und Daten ist ausgeschlossen.<\/p>\n\n\n\n<p>Dies gilt ebenso f\u00fcr alle anderen Webseiten, auf die mittels eines sogenannten Hyperlinks<br>verwiesen wird. F\u00fcr den Inhalt solcher Webseiten ist die SG Degmarn-Oedheim ebenfalls<br>nicht verantwortlich. Die Informationen auf den Webseiten stellen in keinem Fall rechtliche<br>Zusicherungen dar. Die SG Degmarn-Oedheim beh\u00e4lt sich das Recht vor, bei Bedarf<br>\u00c4nderungen oder Erg\u00e4nzungen der bereitgestellten Informationen oder Daten<br>durchzuf\u00fchren.<br><br>Aus den hier beschriebenen Themenbereichen k\u00f6nnen keine Rechtsanspr\u00fcche abgeleitet<br>werden. Angebote sind in allen Teilen ausschlie\u00dflich unverbindlich.<\/p>\n\n\n\n<p>Die SG Degmarn-Oedheim haftet weder f\u00fcr direkte noch indirekte Sch\u00e4den, die durch die<br>Nutzung der Informationen oder Daten entstehen, die auf dieser Webseite zu finden sind.<br>Rechte und Pflichten zwischen der SG Degmarn-Oedheim und dem einzelnen Nutzer der<br>Webseite oder Dritten bestehen nicht. Die Inhalte dieser Homepage sind urheberrechtlich<br>gesch\u00e4tzt. Die Inhalte d\u00fcrfen weder ganz noch teilweise ohne vorherige schriftliche<br>Genehmigung des Urhebers vervielf\u00e4ltigt und resp. oder ver\u00f6ffentlicht oder in einem<br>Informationssystem gespeichert werden.<br>&nbsp;<\/p>\n\n\n\n<p>S\u00e4mtliche Informationen oder Daten, ihre Nutzung sowie s\u00e4mtliche mit der Webseite der<br>SG Degmarn-Oedheim zusammenh\u00e4ngendes Tun, Dulden oder Unterlassen unterliegen<br>ausschlie\u00dflich deutschem Recht, unter Ausschluss von internationalem Recht.&nbsp;<br><\/p>\n\n\n\n<p><strong>SG Degmarn-Oedheim, 74229 Oedheim<\/strong><\/p>\n","protected":false},"excerpt":{"rendered":"<p>Impressum Angaben gem\u00e4\u00df \u00a7 5 TMG:\u00a0SG Degmarn-Oedheim\u00a0 Vertreten durch: Simone Karle, Degmarner Str. 41\/1 , 74229 Oedheim Erstellung und Einrichtung der Seite: J\u00f6rg Sattler, joerg.sattler@t-online.de Verantwortlich f\u00fcr den Inhalt nach \u00a7 55 Abs. 2 RStV: Simone Karle, Degmarner Str. 41\/1 , 74229 Oedheim Rechtliche Hinweise: Alle Rechte vorbehalten. Die dargestellten Informationen sind Eigentum der SGDegmarn-Oedheim.&hellip; <br \/> <a class=\"read-more\" href=\"https:\/\/sgdoe.de\/?page_id=180\">Weiterlesen<\/a><\/p>\n","protected":false},"author":1,"featured_media":0,"parent":0,"menu_order":0,"comment_status":"closed","ping_status":"closed","template":"","meta":{"footnotes":""},"class_list":["post-180","page","type-page","status-publish","hentry"],"_links":{"self":[{"href":"https:\/\/sgdoe.de\/index.php?rest_route=\/wp\/v2\/pages\/180","targetHints":{"allow":["GET"]}}],"collection":[{"href":"https:\/\/sgdoe.de\/index.php?rest_route=\/wp\/v2\/pages"}],"about":[{"href":"https:\/\/sgdoe.de\/index.php?rest_route=\/wp\/v2\/types\/page"}],"author":[{"embeddable":true,"href":"https:\/\/sgdoe.de\/index.php?rest_route=\/wp\/v2\/users\/1"}],"replies":[{"embeddable":true,"href":"https:\/\/sgdoe.de\/index.php?rest_route=%2Fwp%2Fv2%2Fcomments&post=180"}],"version-history":[{"count":2,"href":"https:\/\/sgdoe.de\/index.php?rest_route=\/wp\/v2\/pages\/180\/revisions"}],"predecessor-version":[{"id":395,"href":"https:\/\/sgdoe.de\/index.php?rest_route=\/wp\/v2\/pages\/180\/revisions\/395"}],"wp:attachment":[{"href":"https:\/\/sgdoe.de\/index.php?rest_route=%2Fwp%2Fv2%2Fmedia&parent=180"}],"curies":[{"name":"wp","href":"https:\/\/api.w.org\/{rel}","templated":true}]}}