{"id":22,"date":"2020-03-21T16:05:55","date_gmt":"2020-03-21T16:05:55","guid":{"rendered":"http:\/\/neu.sgdoe.de\/?page_id=22"},"modified":"2025-10-22T16:10:22","modified_gmt":"2025-10-22T16:10:22","slug":"herren1","status":"publish","type":"page","link":"https:\/\/sgdoe.de\/?page_id=22","title":{"rendered":"Herren1"},"content":{"rendered":"\n<p><strong>Herren1 Saison 2025\/2026 <\/strong>&#8211; <strong>Landesliga<\/strong><\/p>\n\n\n\n<figure class=\"wp-block-image size-large\"><img loading=\"lazy\" decoding=\"async\" width=\"1024\" height=\"576\" src=\"https:\/\/sgdoe.de\/wp-content\/uploads\/2025\/10\/Mannschaftsbild-Herren-1-Blaue-Trikots-1024x576.jpeg\" alt=\"\" class=\"wp-image-1992\" srcset=\"https:\/\/sgdoe.de\/wp-content\/uploads\/2025\/10\/Mannschaftsbild-Herren-1-Blaue-Trikots-1024x576.jpeg 1024w, https:\/\/sgdoe.de\/wp-content\/uploads\/2025\/10\/Mannschaftsbild-Herren-1-Blaue-Trikots-300x169.jpeg 300w, https:\/\/sgdoe.de\/wp-content\/uploads\/2025\/10\/Mannschaftsbild-Herren-1-Blaue-Trikots-768x432.jpeg 768w, https:\/\/sgdoe.de\/wp-content\/uploads\/2025\/10\/Mannschaftsbild-Herren-1-Blaue-Trikots-1536x864.jpeg 1536w, https:\/\/sgdoe.de\/wp-content\/uploads\/2025\/10\/Mannschaftsbild-Herren-1-Blaue-Trikots-2048x1152.jpeg 2048w, https:\/\/sgdoe.de\/wp-content\/uploads\/2025\/10\/Mannschaftsbild-Herren-1-Blaue-Trikots-1920x1080.jpeg 1920w\" sizes=\"auto, (max-width: 1024px) 100vw, 1024px\" \/><\/figure>\n\n\n\n<p><strong>Hintere Reihe von links nach rechts:<\/strong><br>Steffen Leinm\u00fcller, Merdin Pracic, Marius Lehmann, Marcel Fruh, Simon W\u00fcstholz, Bjarne von Appen, Yann Mogler, Malte Willms, Maurice Nicolai<br><strong>Vordere Reihe von links nach rechts:<\/strong><br>Patrick Grosser, Christoph Joost, Maximilian Jesser, Timo Br\u00fccke, Niklas Denzer, Ole Willms<br><strong>Es fehlen:<\/strong> <br>Devin Carpouzis, Dennis Tontsch, Yannik Volz, Tom Schmierer<\/p>\n\n\n<ul class=\"wp-block-latest-posts__list is-grid columns-3 wp-block-latest-posts\"><li><a class=\"wp-block-latest-posts__post-title\" href=\"https:\/\/sgdoe.de\/?p=2154\">SG Herren verlieren gegen Leudelsbach einen Punkt<\/a><div class=\"wp-block-latest-posts__post-excerpt\">SG Degmarn-Oedheim &#8211; HSG Leudelsbach: 30:30 (18:15) Nach dem beeindruckenden Sieg in Pfedelbach aus der Vorwoche ging es diesen Sonntag wieder in der heimischen Oedheimer&hellip; <br> <a class=\"read-more\" href=\"https:\/\/sgdoe.de\/?p=2154\">Weiterlesen<\/a><\/div><\/li>\n<li><a class=\"wp-block-latest-posts__post-title\" href=\"https:\/\/sgdoe.de\/?p=2092\">SG bleibt im Hexenkessel cool<\/a><div class=\"wp-block-latest-posts__post-excerpt\">HSG Hohenlohe &#8211; SG Degmarn-Oedheim: 30:32 (17:15) Nach dem Kantersieg vor Wochenfrist gegen die SG BBM Bietigheim wartete diesen Sonntag ein ganz harter Brocken auf&hellip; <br> <a class=\"read-more\" href=\"https:\/\/sgdoe.de\/?p=2092\">Weiterlesen<\/a><\/div><\/li>\n<li><a class=\"wp-block-latest-posts__post-title\" href=\"https:\/\/sgdoe.de\/?p=2085\">Wiedergutmachung gegl\u00fcckt &#8211; SG schie\u00dft Bietigheim aus der Halle<\/a><div class=\"wp-block-latest-posts__post-excerpt\">SG Degmarn-Oedheim &#8211; SG BBM Bietigheim: 36:21 (17:12) Nach der mehr als peinlichen Klatsche vor Wochenfrist im Sch\u00f6nbuch wollte die SG Degmarn\/Oedheim im Heimspiel gegen&hellip; <br> <a class=\"read-more\" href=\"https:\/\/sgdoe.de\/?p=2085\">Weiterlesen<\/a><\/div><\/li>\n<\/ul>\n\n\n<script>\n(function(e,t,n,r,i,s,o){e[i]=e[i]||function(){(e[i].q=e[i].q||[]).push(arguments)}, e[i].l=1*new Date;s=t.createElement(n),o=t.getElementsByTagName(n)[0];s.async=1; s.src=r;o.parentNode.insertBefore(s,o)})(window,document,\"script\", 'https:\/\/www.handball.net\/widgets\/embed\/v1.js',\"_hb\");\n<\/script>\n<div id='handball-tabelle'><\/div>\n<script>\n_hb({\nwidget: 'tabelle',\nteamId: 'handball4all.baden-wuerttemberg.1331831',\ncontainer: 'handball-tabelle'\n})\n<\/script>\n\n\n\n<p><strong>Herren 1, Saison 2025\/26<\/strong><\/p>\n\n\n\n<p>Liebe Fans, Freunde und Unterst\u00fctzer,<br><br>als Trainer der ersten Herrenmannschaft m\u00f6chte ich euch wieder herzlichst Gr\u00fc\u00dfen und in unserer Sporthalle willkommen hei\u00dfen, sowie mich f\u00fcr eure grandiose Unterst\u00fctzung in meiner ersten Saison bedanken.<br><br>Eine erste Saison, die an H\u00f6hen und Tiefen wohl fast alles zu bieten hatte, was man sich als Sportler vorstellen kann. Nach einer Umstellung von System und Taktik, grandios in der Vorbereitung aufgetreten, sind wir danach in den Strudel der Negativserie geraten und standen auch mehrfach mit dem R\u00fccken zur Wand.<br>Erst nach der Winterpause, ging dann der lange ersehnte Ruck durch das Team und wir konnten, nicht zuletzt dank der tollen Unterst\u00fctzung von allen Seiten, die Runde in einem extrem engen Feld als 8. beenden\u2026 punktgleich mit Platz 5-9.<br><br>Wichtig, neben dem Klassenerhalt, ist aber die Erkenntnis, dass das neue Spielsystem passt und verstanden wird. So werden wir auch in diesem Jahr den Fokus auf den schnellen und modernen Tempohandball legen.<br>Das Team bleibt weitestgehend zusammen. Die Abg\u00e4nge von Cedric Carpouzis, Ali K\u00f6se, Lukas Halder und Marc Weippert werden durch Zug\u00e4nge von Bjarne v. Appen, Timo Br\u00fccke, Merdin Pracic ausgeglichen und unser Durchschnittsalter auf 25 Jahre nach unten gedr\u00fcckt.<br><br>Die kommende Runde selbst, die durch die Umstrukturierung im Baden-W\u00fcrttembergischen Handball gepr\u00e4gt ist, wird in der neu zusammengestellten Landesliga wieder sehr spannend werden.\u2028Mit dem TSV Asperg und der HSG Sch\u00f6nbuch sind gleich zwei Verbandsligaabsteiger in der Liga vertreten, die mit Sicherheit auch ein W\u00f6rtchen zum direkten Aufstieg mitsprechen m\u00f6chten. Erweitert wird die Favoritengruppe um den TSV Weinsberg 2, die letztes Jahr knapp in der Relegation gescheitert sind. G\u00e4nzlich neu in unserer Liga sind die beiden ehemaligen Badischen Landesligisten, Buchen und Neckarelz, sowie f\u00fcnf Aufsteiger (HSG Hohenlohe, HSG Lauffen\/Neipperg, SG Schozach-Bottwartal, HSG B\u00f6blingen\/Sindelfinden 2, CVJM M\u00f6glingen). Das 12er Feld komplettieren die SG BBM Bietigheim 3 und eben wir, die SG Degmarn-Oedheim.<br><br>Es wird darauf ankommen, einen m\u00f6glichst starken Start hinzulegen und das Selbstvertrauen aus den letzten Spielen, der vergangenen Spielzeit, aufzugreifen. Ich bin davon \u00fcberzeugt, dass wir als Team das Zeug dazu haben, uns wieder als ernstzunehmende Truppe zu pr\u00e4sentieren und den sch\u00f6nen, schnellen und erfolgreichen Handball zeigen zu k\u00f6nnen, der uns ausmachen soll.<br><br>Zu einem erfolgreichen Spiel geh\u00f6rt nat\u00fcrlich auch, eine m\u00f6glichst verletzungsfreie Saison und auch hier und da das Qu\u00e4ntchen Gl\u00fcck . Diese Faktoren k\u00f6nnen aber durch eure Unterst\u00fctzung \u201eentkr\u00e4ftet\u201c werden. Ihr habt dazu beigetragen, dass wir letzte Runde nie aufgegeben, sondern immer bis zum Schluss gek\u00e4mpft haben. Und genau mit dieser zus\u00e4tzlichen Energie wollen wir auch dieses Mal wieder die Punkte holen.<br><br>Ich freue mich sehr darauf, gemeinsam mit euch allen, eine erfolgreiche Saison zu erleben.<br><br>Euer<br>Malte Willms<\/p>\n\n\n\n<p><\/p>\n\n\n\n<p><strong>Trainer: <\/strong><br>Malte Williams, <a aria-label=\"markusgreis@aol.com (\u00f6ffnet in neuem Tab)\" href=\"mailto:markusgreis@aol.com\" target=\"_blank\" rel=\"noreferrer noopener\">vorstand@sgdoe.de<\/a><\/p>\n\n\n\n<p class=\"has-text-align-center has-vivid-cyan-blue-background-color has-background has-large-font-size\"><strong>Spielerkader Saison 2025\/2026<\/strong><\/p>\n\n\n\n<figure class=\"wp-block-gallery has-nested-images columns-3 is-cropped wp-block-gallery-1 is-layout-flex wp-block-gallery-is-layout-flex\">\n<figure class=\"wp-block-image size-large\"><img loading=\"lazy\" decoding=\"async\" width=\"1024\" height=\"576\" data-id=\"1982\" src=\"https:\/\/sgdoe.de\/wp-content\/uploads\/2025\/10\/Herren-1-Maximilian-Jesser-1024x576.jpeg\" alt=\"\" class=\"wp-image-1982\" srcset=\"https:\/\/sgdoe.de\/wp-content\/uploads\/2025\/10\/Herren-1-Maximilian-Jesser-1024x576.jpeg 1024w, https:\/\/sgdoe.de\/wp-content\/uploads\/2025\/10\/Herren-1-Maximilian-Jesser-300x169.jpeg 300w, https:\/\/sgdoe.de\/wp-content\/uploads\/2025\/10\/Herren-1-Maximilian-Jesser-768x432.jpeg 768w, https:\/\/sgdoe.de\/wp-content\/uploads\/2025\/10\/Herren-1-Maximilian-Jesser-1536x864.jpeg 1536w, https:\/\/sgdoe.de\/wp-content\/uploads\/2025\/10\/Herren-1-Maximilian-Jesser-2048x1152.jpeg 2048w, https:\/\/sgdoe.de\/wp-content\/uploads\/2025\/10\/Herren-1-Maximilian-Jesser-1920x1080.jpeg 1920w\" sizes=\"auto, (max-width: 1024px) 100vw, 1024px\" \/><\/figure>\n\n\n\n<figure class=\"wp-block-image size-large\"><img loading=\"lazy\" decoding=\"async\" width=\"1024\" height=\"576\" data-id=\"1988\" src=\"https:\/\/sgdoe.de\/wp-content\/uploads\/2025\/10\/Herren-1-Timo-Bruecke-1024x576.jpeg\" alt=\"\" class=\"wp-image-1988\" srcset=\"https:\/\/sgdoe.de\/wp-content\/uploads\/2025\/10\/Herren-1-Timo-Bruecke-1024x576.jpeg 1024w, https:\/\/sgdoe.de\/wp-content\/uploads\/2025\/10\/Herren-1-Timo-Bruecke-300x169.jpeg 300w, https:\/\/sgdoe.de\/wp-content\/uploads\/2025\/10\/Herren-1-Timo-Bruecke-768x432.jpeg 768w, https:\/\/sgdoe.de\/wp-content\/uploads\/2025\/10\/Herren-1-Timo-Bruecke-1536x864.jpeg 1536w, https:\/\/sgdoe.de\/wp-content\/uploads\/2025\/10\/Herren-1-Timo-Bruecke-2048x1152.jpeg 2048w, https:\/\/sgdoe.de\/wp-content\/uploads\/2025\/10\/Herren-1-Timo-Bruecke-1920x1080.jpeg 1920w\" sizes=\"auto, (max-width: 1024px) 100vw, 1024px\" \/><\/figure>\n\n\n\n<figure class=\"wp-block-image size-large\"><img loading=\"lazy\" decoding=\"async\" width=\"1024\" height=\"576\" data-id=\"1987\" src=\"https:\/\/sgdoe.de\/wp-content\/uploads\/2025\/10\/Herren-1-Simon-Wuestholz-1024x576.jpeg\" alt=\"\" class=\"wp-image-1987\" srcset=\"https:\/\/sgdoe.de\/wp-content\/uploads\/2025\/10\/Herren-1-Simon-Wuestholz-1024x576.jpeg 1024w, https:\/\/sgdoe.de\/wp-content\/uploads\/2025\/10\/Herren-1-Simon-Wuestholz-300x169.jpeg 300w, https:\/\/sgdoe.de\/wp-content\/uploads\/2025\/10\/Herren-1-Simon-Wuestholz-768x432.jpeg 768w, https:\/\/sgdoe.de\/wp-content\/uploads\/2025\/10\/Herren-1-Simon-Wuestholz-1536x864.jpeg 1536w, https:\/\/sgdoe.de\/wp-content\/uploads\/2025\/10\/Herren-1-Simon-Wuestholz-2048x1152.jpeg 2048w, https:\/\/sgdoe.de\/wp-content\/uploads\/2025\/10\/Herren-1-Simon-Wuestholz-1920x1080.jpeg 1920w\" sizes=\"auto, (max-width: 1024px) 100vw, 1024px\" \/><\/figure>\n\n\n\n<figure class=\"wp-block-image size-large\"><img loading=\"lazy\" decoding=\"async\" width=\"1024\" height=\"576\" data-id=\"1989\" src=\"https:\/\/sgdoe.de\/wp-content\/uploads\/2025\/10\/Herren-1-Yann-Mogler-1024x576.jpeg\" alt=\"\" class=\"wp-image-1989\" srcset=\"https:\/\/sgdoe.de\/wp-content\/uploads\/2025\/10\/Herren-1-Yann-Mogler-1024x576.jpeg 1024w, https:\/\/sgdoe.de\/wp-content\/uploads\/2025\/10\/Herren-1-Yann-Mogler-300x169.jpeg 300w, https:\/\/sgdoe.de\/wp-content\/uploads\/2025\/10\/Herren-1-Yann-Mogler-768x432.jpeg 768w, https:\/\/sgdoe.de\/wp-content\/uploads\/2025\/10\/Herren-1-Yann-Mogler-1536x864.jpeg 1536w, https:\/\/sgdoe.de\/wp-content\/uploads\/2025\/10\/Herren-1-Yann-Mogler-2048x1152.jpeg 2048w, https:\/\/sgdoe.de\/wp-content\/uploads\/2025\/10\/Herren-1-Yann-Mogler-1920x1080.jpeg 1920w\" sizes=\"auto, (max-width: 1024px) 100vw, 1024px\" \/><\/figure>\n\n\n\n<figure class=\"wp-block-image size-large\"><img loading=\"lazy\" decoding=\"async\" width=\"1024\" height=\"576\" data-id=\"1986\" src=\"https:\/\/sgdoe.de\/wp-content\/uploads\/2025\/10\/Herren-1-Patrick-Grosser-1024x576.jpeg\" alt=\"\" class=\"wp-image-1986\" srcset=\"https:\/\/sgdoe.de\/wp-content\/uploads\/2025\/10\/Herren-1-Patrick-Grosser-1024x576.jpeg 1024w, https:\/\/sgdoe.de\/wp-content\/uploads\/2025\/10\/Herren-1-Patrick-Grosser-300x169.jpeg 300w, https:\/\/sgdoe.de\/wp-content\/uploads\/2025\/10\/Herren-1-Patrick-Grosser-768x432.jpeg 768w, https:\/\/sgdoe.de\/wp-content\/uploads\/2025\/10\/Herren-1-Patrick-Grosser-1536x864.jpeg 1536w, https:\/\/sgdoe.de\/wp-content\/uploads\/2025\/10\/Herren-1-Patrick-Grosser-2048x1152.jpeg 2048w, https:\/\/sgdoe.de\/wp-content\/uploads\/2025\/10\/Herren-1-Patrick-Grosser-1920x1080.jpeg 1920w\" sizes=\"auto, (max-width: 1024px) 100vw, 1024px\" \/><\/figure>\n\n\n\n<figure class=\"wp-block-image size-large\"><img loading=\"lazy\" decoding=\"async\" width=\"1024\" height=\"576\" data-id=\"1985\" src=\"https:\/\/sgdoe.de\/wp-content\/uploads\/2025\/10\/Herren-1-Ole-Willms-1024x576.jpeg\" alt=\"\" class=\"wp-image-1985\" srcset=\"https:\/\/sgdoe.de\/wp-content\/uploads\/2025\/10\/Herren-1-Ole-Willms-1024x576.jpeg 1024w, https:\/\/sgdoe.de\/wp-content\/uploads\/2025\/10\/Herren-1-Ole-Willms-300x169.jpeg 300w, https:\/\/sgdoe.de\/wp-content\/uploads\/2025\/10\/Herren-1-Ole-Willms-768x432.jpeg 768w, https:\/\/sgdoe.de\/wp-content\/uploads\/2025\/10\/Herren-1-Ole-Willms-1536x864.jpeg 1536w, https:\/\/sgdoe.de\/wp-content\/uploads\/2025\/10\/Herren-1-Ole-Willms-2048x1152.jpeg 2048w, https:\/\/sgdoe.de\/wp-content\/uploads\/2025\/10\/Herren-1-Ole-Willms-1920x1080.jpeg 1920w\" sizes=\"auto, (max-width: 1024px) 100vw, 1024px\" \/><\/figure>\n\n\n\n<figure class=\"wp-block-image size-large\"><img loading=\"lazy\" decoding=\"async\" width=\"1024\" height=\"576\" data-id=\"1984\" src=\"https:\/\/sgdoe.de\/wp-content\/uploads\/2025\/10\/Herren-1-Niklas-Denzer-1024x576.jpeg\" alt=\"\" class=\"wp-image-1984\" srcset=\"https:\/\/sgdoe.de\/wp-content\/uploads\/2025\/10\/Herren-1-Niklas-Denzer-1024x576.jpeg 1024w, https:\/\/sgdoe.de\/wp-content\/uploads\/2025\/10\/Herren-1-Niklas-Denzer-300x169.jpeg 300w, https:\/\/sgdoe.de\/wp-content\/uploads\/2025\/10\/Herren-1-Niklas-Denzer-768x432.jpeg 768w, https:\/\/sgdoe.de\/wp-content\/uploads\/2025\/10\/Herren-1-Niklas-Denzer-1536x864.jpeg 1536w, https:\/\/sgdoe.de\/wp-content\/uploads\/2025\/10\/Herren-1-Niklas-Denzer-2048x1152.jpeg 2048w, https:\/\/sgdoe.de\/wp-content\/uploads\/2025\/10\/Herren-1-Niklas-Denzer-1920x1080.jpeg 1920w\" sizes=\"auto, (max-width: 1024px) 100vw, 1024px\" \/><\/figure>\n\n\n\n<figure class=\"wp-block-image size-large\"><img loading=\"lazy\" decoding=\"async\" width=\"1024\" height=\"576\" data-id=\"1983\" src=\"https:\/\/sgdoe.de\/wp-content\/uploads\/2025\/10\/Herren-1-Merdin-Pracic-1024x576.jpeg\" alt=\"\" class=\"wp-image-1983\" srcset=\"https:\/\/sgdoe.de\/wp-content\/uploads\/2025\/10\/Herren-1-Merdin-Pracic-1024x576.jpeg 1024w, https:\/\/sgdoe.de\/wp-content\/uploads\/2025\/10\/Herren-1-Merdin-Pracic-300x169.jpeg 300w, https:\/\/sgdoe.de\/wp-content\/uploads\/2025\/10\/Herren-1-Merdin-Pracic-768x432.jpeg 768w, https:\/\/sgdoe.de\/wp-content\/uploads\/2025\/10\/Herren-1-Merdin-Pracic-1536x864.jpeg 1536w, https:\/\/sgdoe.de\/wp-content\/uploads\/2025\/10\/Herren-1-Merdin-Pracic-2048x1152.jpeg 2048w, https:\/\/sgdoe.de\/wp-content\/uploads\/2025\/10\/Herren-1-Merdin-Pracic-1920x1080.jpeg 1920w\" sizes=\"auto, (max-width: 1024px) 100vw, 1024px\" \/><\/figure>\n\n\n\n<figure class=\"wp-block-image size-large\"><img loading=\"lazy\" decoding=\"async\" width=\"1024\" height=\"576\" data-id=\"1981\" src=\"https:\/\/sgdoe.de\/wp-content\/uploads\/2025\/10\/Herren-1-Marius-Lehmann-1024x576.jpeg\" alt=\"\" class=\"wp-image-1981\" srcset=\"https:\/\/sgdoe.de\/wp-content\/uploads\/2025\/10\/Herren-1-Marius-Lehmann-1024x576.jpeg 1024w, https:\/\/sgdoe.de\/wp-content\/uploads\/2025\/10\/Herren-1-Marius-Lehmann-300x169.jpeg 300w, https:\/\/sgdoe.de\/wp-content\/uploads\/2025\/10\/Herren-1-Marius-Lehmann-768x432.jpeg 768w, https:\/\/sgdoe.de\/wp-content\/uploads\/2025\/10\/Herren-1-Marius-Lehmann-1536x864.jpeg 1536w, https:\/\/sgdoe.de\/wp-content\/uploads\/2025\/10\/Herren-1-Marius-Lehmann-2048x1152.jpeg 2048w, https:\/\/sgdoe.de\/wp-content\/uploads\/2025\/10\/Herren-1-Marius-Lehmann-1920x1080.jpeg 1920w\" sizes=\"auto, (max-width: 1024px) 100vw, 1024px\" \/><\/figure>\n\n\n\n<figure class=\"wp-block-image size-large\"><img loading=\"lazy\" decoding=\"async\" width=\"1024\" height=\"576\" data-id=\"1980\" src=\"https:\/\/sgdoe.de\/wp-content\/uploads\/2025\/10\/Herren-1-Marcel-Fruh-1024x576.jpeg\" alt=\"\" class=\"wp-image-1980\" srcset=\"https:\/\/sgdoe.de\/wp-content\/uploads\/2025\/10\/Herren-1-Marcel-Fruh-1024x576.jpeg 1024w, https:\/\/sgdoe.de\/wp-content\/uploads\/2025\/10\/Herren-1-Marcel-Fruh-300x169.jpeg 300w, https:\/\/sgdoe.de\/wp-content\/uploads\/2025\/10\/Herren-1-Marcel-Fruh-768x432.jpeg 768w, https:\/\/sgdoe.de\/wp-content\/uploads\/2025\/10\/Herren-1-Marcel-Fruh-1536x864.jpeg 1536w, https:\/\/sgdoe.de\/wp-content\/uploads\/2025\/10\/Herren-1-Marcel-Fruh-2048x1152.jpeg 2048w, https:\/\/sgdoe.de\/wp-content\/uploads\/2025\/10\/Herren-1-Marcel-Fruh-1920x1080.jpeg 1920w\" sizes=\"auto, (max-width: 1024px) 100vw, 1024px\" \/><\/figure>\n\n\n\n<figure class=\"wp-block-image size-large\"><img loading=\"lazy\" decoding=\"async\" width=\"1024\" height=\"576\" data-id=\"1979\" src=\"https:\/\/sgdoe.de\/wp-content\/uploads\/2025\/10\/Herren-1-Christoph-Joost-1024x576.jpeg\" alt=\"\" class=\"wp-image-1979\" srcset=\"https:\/\/sgdoe.de\/wp-content\/uploads\/2025\/10\/Herren-1-Christoph-Joost-1024x576.jpeg 1024w, https:\/\/sgdoe.de\/wp-content\/uploads\/2025\/10\/Herren-1-Christoph-Joost-300x169.jpeg 300w, https:\/\/sgdoe.de\/wp-content\/uploads\/2025\/10\/Herren-1-Christoph-Joost-768x432.jpeg 768w, https:\/\/sgdoe.de\/wp-content\/uploads\/2025\/10\/Herren-1-Christoph-Joost-1536x864.jpeg 1536w, https:\/\/sgdoe.de\/wp-content\/uploads\/2025\/10\/Herren-1-Christoph-Joost-2048x1152.jpeg 2048w, https:\/\/sgdoe.de\/wp-content\/uploads\/2025\/10\/Herren-1-Christoph-Joost-1920x1080.jpeg 1920w\" sizes=\"auto, (max-width: 1024px) 100vw, 1024px\" \/><\/figure>\n\n\n\n<figure class=\"wp-block-image size-large\"><img loading=\"lazy\" decoding=\"async\" width=\"1024\" height=\"576\" data-id=\"1978\" src=\"https:\/\/sgdoe.de\/wp-content\/uploads\/2025\/10\/Herren-1-Bjarne-von-Appen-1024x576.jpeg\" alt=\"\" class=\"wp-image-1978\" srcset=\"https:\/\/sgdoe.de\/wp-content\/uploads\/2025\/10\/Herren-1-Bjarne-von-Appen-1024x576.jpeg 1024w, https:\/\/sgdoe.de\/wp-content\/uploads\/2025\/10\/Herren-1-Bjarne-von-Appen-300x169.jpeg 300w, https:\/\/sgdoe.de\/wp-content\/uploads\/2025\/10\/Herren-1-Bjarne-von-Appen-768x432.jpeg 768w, https:\/\/sgdoe.de\/wp-content\/uploads\/2025\/10\/Herren-1-Bjarne-von-Appen-1536x864.jpeg 1536w, https:\/\/sgdoe.de\/wp-content\/uploads\/2025\/10\/Herren-1-Bjarne-von-Appen-2048x1152.jpeg 2048w, https:\/\/sgdoe.de\/wp-content\/uploads\/2025\/10\/Herren-1-Bjarne-von-Appen-1920x1080.jpeg 1920w\" sizes=\"auto, (max-width: 1024px) 100vw, 1024px\" \/><\/figure>\n\n\n\n<figure class=\"wp-block-image size-large\"><img loading=\"lazy\" decoding=\"async\" width=\"1024\" height=\"576\" data-id=\"1990\" src=\"https:\/\/sgdoe.de\/wp-content\/uploads\/2025\/10\/Kassierer-Steffen-Mosthaf-1024x576.jpeg\" alt=\"\" class=\"wp-image-1990\" srcset=\"https:\/\/sgdoe.de\/wp-content\/uploads\/2025\/10\/Kassierer-Steffen-Mosthaf-1024x576.jpeg 1024w, https:\/\/sgdoe.de\/wp-content\/uploads\/2025\/10\/Kassierer-Steffen-Mosthaf-300x169.jpeg 300w, https:\/\/sgdoe.de\/wp-content\/uploads\/2025\/10\/Kassierer-Steffen-Mosthaf-768x432.jpeg 768w, https:\/\/sgdoe.de\/wp-content\/uploads\/2025\/10\/Kassierer-Steffen-Mosthaf-1536x864.jpeg 1536w, https:\/\/sgdoe.de\/wp-content\/uploads\/2025\/10\/Kassierer-Steffen-Mosthaf-2048x1152.jpeg 2048w, https:\/\/sgdoe.de\/wp-content\/uploads\/2025\/10\/Kassierer-Steffen-Mosthaf-1920x1080.jpeg 1920w\" sizes=\"auto, (max-width: 1024px) 100vw, 1024px\" \/><\/figure>\n\n\n\n<figure class=\"wp-block-image size-large\"><img loading=\"lazy\" decoding=\"async\" width=\"1024\" height=\"576\" data-id=\"1995\" src=\"https:\/\/sgdoe.de\/wp-content\/uploads\/2025\/10\/Torwarttrainer-Herren-1-Steffen-Leinmueller-1024x576.jpeg\" alt=\"\" class=\"wp-image-1995\" srcset=\"https:\/\/sgdoe.de\/wp-content\/uploads\/2025\/10\/Torwarttrainer-Herren-1-Steffen-Leinmueller-1024x576.jpeg 1024w, https:\/\/sgdoe.de\/wp-content\/uploads\/2025\/10\/Torwarttrainer-Herren-1-Steffen-Leinmueller-300x169.jpeg 300w, https:\/\/sgdoe.de\/wp-content\/uploads\/2025\/10\/Torwarttrainer-Herren-1-Steffen-Leinmueller-768x432.jpeg 768w, https:\/\/sgdoe.de\/wp-content\/uploads\/2025\/10\/Torwarttrainer-Herren-1-Steffen-Leinmueller-1536x864.jpeg 1536w, https:\/\/sgdoe.de\/wp-content\/uploads\/2025\/10\/Torwarttrainer-Herren-1-Steffen-Leinmueller-2048x1152.jpeg 2048w, https:\/\/sgdoe.de\/wp-content\/uploads\/2025\/10\/Torwarttrainer-Herren-1-Steffen-Leinmueller-1920x1080.jpeg 1920w\" sizes=\"auto, (max-width: 1024px) 100vw, 1024px\" \/><\/figure>\n\n\n\n<figure class=\"wp-block-image size-large\"><img loading=\"lazy\" decoding=\"async\" width=\"1024\" height=\"576\" data-id=\"1996\" src=\"https:\/\/sgdoe.de\/wp-content\/uploads\/2025\/10\/Trainer-Herren-1-Malte-Willms-1024x576.jpeg\" alt=\"\" class=\"wp-image-1996\" srcset=\"https:\/\/sgdoe.de\/wp-content\/uploads\/2025\/10\/Trainer-Herren-1-Malte-Willms-1024x576.jpeg 1024w, https:\/\/sgdoe.de\/wp-content\/uploads\/2025\/10\/Trainer-Herren-1-Malte-Willms-300x169.jpeg 300w, https:\/\/sgdoe.de\/wp-content\/uploads\/2025\/10\/Trainer-Herren-1-Malte-Willms-768x432.jpeg 768w, https:\/\/sgdoe.de\/wp-content\/uploads\/2025\/10\/Trainer-Herren-1-Malte-Willms-1536x864.jpeg 1536w, https:\/\/sgdoe.de\/wp-content\/uploads\/2025\/10\/Trainer-Herren-1-Malte-Willms-2048x1152.jpeg 2048w, https:\/\/sgdoe.de\/wp-content\/uploads\/2025\/10\/Trainer-Herren-1-Malte-Willms-1920x1080.jpeg 1920w\" sizes=\"auto, (max-width: 1024px) 100vw, 1024px\" \/><\/figure>\n<\/figure>\n\n\n\n<figure class=\"wp-block-image size-large\"><img loading=\"lazy\" decoding=\"async\" width=\"1024\" height=\"576\" src=\"https:\/\/sgdoe.de\/wp-content\/uploads\/2025\/10\/Mannschaftsbild-Herren-1-1024x576.jpeg\" alt=\"\" class=\"wp-image-1993\" srcset=\"https:\/\/sgdoe.de\/wp-content\/uploads\/2025\/10\/Mannschaftsbild-Herren-1-1024x576.jpeg 1024w, https:\/\/sgdoe.de\/wp-content\/uploads\/2025\/10\/Mannschaftsbild-Herren-1-300x169.jpeg 300w, https:\/\/sgdoe.de\/wp-content\/uploads\/2025\/10\/Mannschaftsbild-Herren-1-768x432.jpeg 768w, https:\/\/sgdoe.de\/wp-content\/uploads\/2025\/10\/Mannschaftsbild-Herren-1-1536x864.jpeg 1536w, https:\/\/sgdoe.de\/wp-content\/uploads\/2025\/10\/Mannschaftsbild-Herren-1-2048x1152.jpeg 2048w, https:\/\/sgdoe.de\/wp-content\/uploads\/2025\/10\/Mannschaftsbild-Herren-1-1920x1080.jpeg 1920w\" sizes=\"auto, (max-width: 1024px) 100vw, 1024px\" \/><\/figure>\n","protected":false},"excerpt":{"rendered":"<p>Herren1 Saison 2025\/2026 &#8211; Landesliga Hintere Reihe von links nach rechts:Steffen Leinm\u00fcller, Merdin Pracic, Marius Lehmann, Marcel Fruh, Simon W\u00fcstholz, Bjarne von Appen, Yann Mogler, Malte Willms, Maurice NicolaiVordere Reihe von links nach rechts:Patrick Grosser, Christoph Joost, Maximilian Jesser, Timo Br\u00fccke, Niklas Denzer, Ole WillmsEs fehlen: Devin Carpouzis, Dennis Tontsch, Yannik Volz, Tom Schmierer Herren&hellip; <br \/> <a class=\"read-more\" href=\"https:\/\/sgdoe.de\/?page_id=22\">Weiterlesen<\/a><\/p>\n","protected":false},"author":1,"featured_media":591,"parent":18,"menu_order":0,"comment_status":"closed","ping_status":"closed","template":"page-templates\/homepage.php","meta":{"footnotes":""},"class_list":["post-22","page","type-page","status-publish","has-post-thumbnail","hentry"],"_links":{"self":[{"href":"https:\/\/sgdoe.de\/index.php?rest_route=\/wp\/v2\/pages\/22","targetHints":{"allow":["GET"]}}],"collection":[{"href":"https:\/\/sgdoe.de\/index.php?rest_route=\/wp\/v2\/pages"}],"about":[{"href":"https:\/\/sgdoe.de\/index.php?rest_route=\/wp\/v2\/types\/page"}],"author":[{"embeddable":true,"href":"https:\/\/sgdoe.de\/index.php?rest_route=\/wp\/v2\/users\/1"}],"replies":[{"embeddable":true,"href":"https:\/\/sgdoe.de\/index.php?rest_route=%2Fwp%2Fv2%2Fcomments&post=22"}],"version-history":[{"count":41,"href":"https:\/\/sgdoe.de\/index.php?rest_route=\/wp\/v2\/pages\/22\/revisions"}],"predecessor-version":[{"id":2002,"href":"https:\/\/sgdoe.de\/index.php?rest_route=\/wp\/v2\/pages\/22\/revisions\/2002"}],"up":[{"embeddable":true,"href":"https:\/\/sgdoe.de\/index.php?rest_route=\/wp\/v2\/pages\/18"}],"wp:featuredmedia":[{"embeddable":true,"href":"https:\/\/sgdoe.de\/index.php?rest_route=\/wp\/v2\/media\/591"}],"wp:attachment":[{"href":"https:\/\/sgdoe.de\/index.php?rest_route=%2Fwp%2Fv2%2Fmedia&parent=22"}],"curies":[{"name":"wp","href":"https:\/\/api.w.org\/{rel}","templated":true}]}}