{"id":23,"date":"2020-03-21T16:05:55","date_gmt":"2020-03-21T16:05:55","guid":{"rendered":"http:\/\/neu.sgdoe.de\/?page_id=23"},"modified":"2025-10-22T15:46:48","modified_gmt":"2025-10-22T15:46:48","slug":"damen","status":"publish","type":"page","link":"https:\/\/sgdoe.de\/?page_id=23","title":{"rendered":"Damen"},"content":{"rendered":"\n<p><strong>Frauen SG Degmarn Oedheim<\/strong> <strong>25\/26<\/strong> &#8211; Verbandsliga<\/p>\n\n\n\n<figure class=\"wp-block-image size-large\"><img loading=\"lazy\" decoding=\"async\" width=\"1024\" height=\"576\" src=\"https:\/\/sgdoe.de\/wp-content\/uploads\/2025\/10\/Mannschaftsbild-Damen-weisse-Trikots-1024x576.jpeg\" alt=\"\" class=\"wp-image-1939\" srcset=\"https:\/\/sgdoe.de\/wp-content\/uploads\/2025\/10\/Mannschaftsbild-Damen-weisse-Trikots-1024x576.jpeg 1024w, https:\/\/sgdoe.de\/wp-content\/uploads\/2025\/10\/Mannschaftsbild-Damen-weisse-Trikots-300x169.jpeg 300w, https:\/\/sgdoe.de\/wp-content\/uploads\/2025\/10\/Mannschaftsbild-Damen-weisse-Trikots-768x432.jpeg 768w, https:\/\/sgdoe.de\/wp-content\/uploads\/2025\/10\/Mannschaftsbild-Damen-weisse-Trikots-1536x864.jpeg 1536w, https:\/\/sgdoe.de\/wp-content\/uploads\/2025\/10\/Mannschaftsbild-Damen-weisse-Trikots-2048x1152.jpeg 2048w, https:\/\/sgdoe.de\/wp-content\/uploads\/2025\/10\/Mannschaftsbild-Damen-weisse-Trikots-1920x1080.jpeg 1920w\" sizes=\"auto, (max-width: 1024px) 100vw, 1024px\" \/><\/figure>\n\n\n\n<p><strong>Hintere Reihe von links nach rechts:<\/strong><br>Sebastian Flum, Lisa Hanak, Kim D\u00f6hler, Luisa Weik, Lena Halupka, Mara Rieser, Lara Krieger, Daniel Benkner<br><strong>Vordere Reihe von links nach rechts:<\/strong><br>Leni Volz, Fiona Ivic, Marie-Louise Betz, Tabea Karle, Lea Stammer, Simone Karle, Michelle Jesser, Nina Wieland<br><strong>Es fehlen:<\/strong> <br>Lea Schmierer, Maria Odenwald, Jolie Kappes&#8230;<\/p>\n\n\n<ul class=\"wp-block-latest-posts__list is-grid columns-3 has-dates wp-block-latest-posts\"><li><a class=\"wp-block-latest-posts__post-title\" href=\"https:\/\/sgdoe.de\/?p=2156\">SG Damen kr\u00f6nen sich mit Kantersieg zum Meister<\/a><time datetime=\"2026-03-30T15:37:31+00:00\" class=\"wp-block-latest-posts__post-date\">M\u00e4rz 30, 2026<\/time><div class=\"wp-block-latest-posts__post-excerpt\">SG Degmarn Oedheim vs. SG Hegensberg-Liebersbronn 43:21 (20:13) Was f\u00fcr ein Abend in der Sporthalle Oedheim: Mit einem eindrucksvollen 43:21-Erfolg gegen den Tabellenzweiten sicherten sich&hellip; <br> <a class=\"read-more\" href=\"https:\/\/sgdoe.de\/?p=2156\">Weiterlesen<\/a><\/div><\/li>\n<li><a class=\"wp-block-latest-posts__post-title\" href=\"https:\/\/sgdoe.de\/?p=2094\">Damen: Geschlossene Mannschaftsleistung und starke zweite Halbzeit sichern Ausw\u00e4rtssieg<\/a><time datetime=\"2026-03-24T07:16:50+00:00\" class=\"wp-block-latest-posts__post-date\">M\u00e4rz 24, 2026<\/time><div class=\"wp-block-latest-posts__post-excerpt\">HSG Hohenlohe vs. SG Degmarn Oedheim 20:31 (13:15) Bei traumhaften Wetter ging es f\u00fcr die SG-Damen in den hei\u00dfen K\u00e4fig bei den Panthers der HSG&hellip; <br> <a class=\"read-more\" href=\"https:\/\/sgdoe.de\/?p=2094\">Weiterlesen<\/a><\/div><\/li>\n<li><a class=\"wp-block-latest-posts__post-title\" href=\"https:\/\/sgdoe.de\/?p=2088\">Damen: Erfolgreicher Heimsieg durch starke 2. Halbzeit<\/a><time datetime=\"2026-03-16T07:09:26+00:00\" class=\"wp-block-latest-posts__post-date\">M\u00e4rz 16, 2026<\/time><div class=\"wp-block-latest-posts__post-excerpt\">SG Degmarn-Oedheim &#8211; Rhein Neckar L\u00f6wen 28:22 (10:10) Nichts f\u00fcr schwache Nerven war das Spiel der SG-Damen am Samstag Nachmittag gegen die Rhein-Neckar L\u00f6wen. Nach&hellip; <br> <a class=\"read-more\" href=\"https:\/\/sgdoe.de\/?p=2088\">Weiterlesen<\/a><\/div><\/li>\n<\/ul>\n\n\n<script>\n(function(e,t,n,r,i,s,o){e[i]=e[i]||function(){(e[i].q=e[i].q||[]).push(arguments)}, e[i].l=1*new Date;s=t.createElement(n),o=t.getElementsByTagName(n)[0];s.async=1; s.src=r;o.parentNode.insertBefore(s,o)})(window,document,\"script\", 'https:\/\/www.handball.net\/widgets\/embed\/v1.js',\"_hb\");\n<\/script>\n<div id='handball-tabelle'><\/div>\n<script>\n_hb({\nwidget: 'tabelle',\nteamId: 'handball4all.baden-wuerttemberg.1332716',\ncontainer: 'handball-tabelle'\n})\n<\/script>\n\n\n\n<p><strong>Damen, Saison 25\/26 &#8211;&nbsp;Verbandsliga<\/strong><\/p>\n\n\n\n<p><strong>SG Damen starten in die Verbandsliga<\/strong><\/p>\n\n\n\n<p>Die neue Saison wirft ihre Schatten voraus \u2013 und wir stecken mitten in einer intensiven Vorbereitungsphase. Als Aufsteiger betreten wir Neuland in dieser Liga und wissen, dass uns ein sehr hohes Niveau und viele starke Gegner erwarten. Genau deshalb arbeiten wir jetzt an allen Details, um von Beginn an bestm\u00f6glich vorbereitet zu sein.<\/p>\n\n\n\n<p>In dieser Phase geht es nicht nur darum, k\u00f6rperlich in Form zu kommen, sondern auch unser Spielsystem zu festigen und weiterzuentwickeln. Wir wollen unseren erfolgreichen Stil aus der Aufstiegssaison mitnehmen und ihn an die neuen Herausforderungen anpassen: in der Abwehr noch kompakter, im Angriff noch variabler, als Mannschaft noch eingespielter.<\/p>\n\n\n\n<p>Ein wichtiger Schwerpunkt liegt zudem auf unseren Neuzug\u00e4ngen Tabea Karle, Luisa Deutschle und Lena Halupka. Sie bringen frischen Wind, neue Ideen und zus\u00e4tzliche Qualit\u00e4t in unseren Kader. Gleichzeitig ist es unsere Aufgabe, sie Schritt f\u00fcr Schritt in unser Spielsystem zu integrieren, Abl\u00e4ufe gemeinsam einzu\u00fcben und ein noch besseres Verst\u00e4ndnis f\u00fcreinander zu entwickeln. Nur wenn alle R\u00e4dchen ineinandergreifen, k\u00f6nnen wir maximal erfolgreich sein<\/p>\n\n\n\n<p>Unser Anspruch ist klar: In jedem Spiel wollen wir schauen, was m\u00f6glich ist und uns kontinuierlich steigern. Jede einzelne Spielerin soll sich weiterentwickeln und damit auch das gesamte Team voranbringen.<\/p>\n\n\n\n<p>Die Vorfreude auf den Saisonstart ist riesig. Wir arbeiten hart, wir wachsen zusammen \u2013 und wir sind \u00fcberzeugt, dass wir mit Leidenschaft, Mut und eurer Unterst\u00fctzung zeigen k\u00f6nnen, dass wir in diese Liga geh\u00f6ren.<\/p>\n\n\n\n<p><strong>Lasst uns gemeinsam in dieses Abenteuer starten \u2013 wir z\u00e4hlen auf euch!<\/strong><br>Mit sportlichen Gr\u00fc\u00dfen,<br>Daniel Benkner<\/p>\n\n\n\n<p><strong>Trainer:<\/strong><br>Daniel Benkner, <a rel=\"noreferrer noopener\" aria-label=\"danielbenkner@googlemail.com (\u00f6ffnet in neuem Tab)\" href=\"mailto:danielbenkner@googlemail.com\" target=\"_blank\">danielbenkner@googlemail.com<\/a><br>Sebastian Flum, <a rel=\"noreferrer noopener\" aria-label=\"sebastian.flum@icloud.com (\u00f6ffnet in neuem Tab)\" href=\"mailto:sebastian.flum@icloud.com\" target=\"_blank\">sebastian.flum@icloud.com<\/a><\/p>\n\n\n\n<p class=\"has-text-align-center has-vivid-cyan-blue-background-color has-background has-large-font-size\"><strong>Spielerkader Saison 2025\/2026<\/strong><\/p>\n\n\n\n<figure class=\"wp-block-gallery has-nested-images columns-3 is-cropped wp-block-gallery-1 is-layout-flex wp-block-gallery-is-layout-flex\">\n<figure class=\"wp-block-image size-large\"><img loading=\"lazy\" decoding=\"async\" width=\"1024\" height=\"576\" data-id=\"1962\" src=\"https:\/\/sgdoe.de\/wp-content\/uploads\/2025\/10\/Damen-Lea-Stammer-1024x576.jpeg\" alt=\"\" class=\"wp-image-1962\" srcset=\"https:\/\/sgdoe.de\/wp-content\/uploads\/2025\/10\/Damen-Lea-Stammer-1024x576.jpeg 1024w, https:\/\/sgdoe.de\/wp-content\/uploads\/2025\/10\/Damen-Lea-Stammer-300x169.jpeg 300w, https:\/\/sgdoe.de\/wp-content\/uploads\/2025\/10\/Damen-Lea-Stammer-768x432.jpeg 768w, https:\/\/sgdoe.de\/wp-content\/uploads\/2025\/10\/Damen-Lea-Stammer-1536x864.jpeg 1536w, https:\/\/sgdoe.de\/wp-content\/uploads\/2025\/10\/Damen-Lea-Stammer-2048x1152.jpeg 2048w, https:\/\/sgdoe.de\/wp-content\/uploads\/2025\/10\/Damen-Lea-Stammer-1920x1080.jpeg 1920w\" sizes=\"auto, (max-width: 1024px) 100vw, 1024px\" \/><figcaption class=\"wp-element-caption\">Lea Stammer<\/figcaption><\/figure>\n\n\n\n<figure class=\"wp-block-image size-large\"><img loading=\"lazy\" decoding=\"async\" width=\"1024\" height=\"576\" data-id=\"1972\" src=\"https:\/\/sgdoe.de\/wp-content\/uploads\/2025\/10\/Damen-Tabea-Karle-1024x576.jpeg\" alt=\"\" class=\"wp-image-1972\" srcset=\"https:\/\/sgdoe.de\/wp-content\/uploads\/2025\/10\/Damen-Tabea-Karle-1024x576.jpeg 1024w, https:\/\/sgdoe.de\/wp-content\/uploads\/2025\/10\/Damen-Tabea-Karle-300x169.jpeg 300w, https:\/\/sgdoe.de\/wp-content\/uploads\/2025\/10\/Damen-Tabea-Karle-768x432.jpeg 768w, https:\/\/sgdoe.de\/wp-content\/uploads\/2025\/10\/Damen-Tabea-Karle-1536x864.jpeg 1536w, https:\/\/sgdoe.de\/wp-content\/uploads\/2025\/10\/Damen-Tabea-Karle-2048x1152.jpeg 2048w, https:\/\/sgdoe.de\/wp-content\/uploads\/2025\/10\/Damen-Tabea-Karle-1920x1080.jpeg 1920w\" sizes=\"auto, (max-width: 1024px) 100vw, 1024px\" \/><figcaption class=\"wp-element-caption\">Tabea Karle<\/figcaption><\/figure>\n\n\n\n<figure class=\"wp-block-image size-large\"><img loading=\"lazy\" decoding=\"async\" width=\"1024\" height=\"576\" data-id=\"1971\" src=\"https:\/\/sgdoe.de\/wp-content\/uploads\/2025\/10\/Damen-Simone-Karle-1024x576.jpeg\" alt=\"\" class=\"wp-image-1971\" srcset=\"https:\/\/sgdoe.de\/wp-content\/uploads\/2025\/10\/Damen-Simone-Karle-1024x576.jpeg 1024w, https:\/\/sgdoe.de\/wp-content\/uploads\/2025\/10\/Damen-Simone-Karle-300x169.jpeg 300w, https:\/\/sgdoe.de\/wp-content\/uploads\/2025\/10\/Damen-Simone-Karle-768x432.jpeg 768w, https:\/\/sgdoe.de\/wp-content\/uploads\/2025\/10\/Damen-Simone-Karle-1536x864.jpeg 1536w, https:\/\/sgdoe.de\/wp-content\/uploads\/2025\/10\/Damen-Simone-Karle-2048x1152.jpeg 2048w, https:\/\/sgdoe.de\/wp-content\/uploads\/2025\/10\/Damen-Simone-Karle-1920x1080.jpeg 1920w\" sizes=\"auto, (max-width: 1024px) 100vw, 1024px\" \/><figcaption class=\"wp-element-caption\">Simone Karle<\/figcaption><\/figure>\n\n\n\n<figure class=\"wp-block-image size-large\"><img loading=\"lazy\" decoding=\"async\" width=\"1024\" height=\"576\" data-id=\"1970\" src=\"https:\/\/sgdoe.de\/wp-content\/uploads\/2025\/10\/Damen-Nina-Wieland-1024x576.jpeg\" alt=\"\" class=\"wp-image-1970\" srcset=\"https:\/\/sgdoe.de\/wp-content\/uploads\/2025\/10\/Damen-Nina-Wieland-1024x576.jpeg 1024w, https:\/\/sgdoe.de\/wp-content\/uploads\/2025\/10\/Damen-Nina-Wieland-300x169.jpeg 300w, https:\/\/sgdoe.de\/wp-content\/uploads\/2025\/10\/Damen-Nina-Wieland-768x432.jpeg 768w, https:\/\/sgdoe.de\/wp-content\/uploads\/2025\/10\/Damen-Nina-Wieland-1536x864.jpeg 1536w, https:\/\/sgdoe.de\/wp-content\/uploads\/2025\/10\/Damen-Nina-Wieland-2048x1152.jpeg 2048w, https:\/\/sgdoe.de\/wp-content\/uploads\/2025\/10\/Damen-Nina-Wieland-1920x1080.jpeg 1920w\" sizes=\"auto, (max-width: 1024px) 100vw, 1024px\" \/><figcaption class=\"wp-element-caption\">Nina Wieland<\/figcaption><\/figure>\n\n\n\n<figure class=\"wp-block-image size-large\"><img loading=\"lazy\" decoding=\"async\" width=\"1024\" height=\"576\" data-id=\"1969\" src=\"https:\/\/sgdoe.de\/wp-content\/uploads\/2025\/10\/Damen-Michelle-Jesser-1024x576.jpeg\" alt=\"\" class=\"wp-image-1969\" srcset=\"https:\/\/sgdoe.de\/wp-content\/uploads\/2025\/10\/Damen-Michelle-Jesser-1024x576.jpeg 1024w, https:\/\/sgdoe.de\/wp-content\/uploads\/2025\/10\/Damen-Michelle-Jesser-300x169.jpeg 300w, https:\/\/sgdoe.de\/wp-content\/uploads\/2025\/10\/Damen-Michelle-Jesser-768x432.jpeg 768w, https:\/\/sgdoe.de\/wp-content\/uploads\/2025\/10\/Damen-Michelle-Jesser-1536x864.jpeg 1536w, https:\/\/sgdoe.de\/wp-content\/uploads\/2025\/10\/Damen-Michelle-Jesser-2048x1152.jpeg 2048w, https:\/\/sgdoe.de\/wp-content\/uploads\/2025\/10\/Damen-Michelle-Jesser-1920x1080.jpeg 1920w\" sizes=\"auto, (max-width: 1024px) 100vw, 1024px\" \/><figcaption class=\"wp-element-caption\">Michelle Jesser <\/figcaption><\/figure>\n\n\n\n<figure class=\"wp-block-image size-large\"><img loading=\"lazy\" decoding=\"async\" width=\"1024\" height=\"576\" data-id=\"1968\" src=\"https:\/\/sgdoe.de\/wp-content\/uploads\/2025\/10\/Damen-Marie-Betz-1024x576.jpeg\" alt=\"\" class=\"wp-image-1968\" srcset=\"https:\/\/sgdoe.de\/wp-content\/uploads\/2025\/10\/Damen-Marie-Betz-1024x576.jpeg 1024w, https:\/\/sgdoe.de\/wp-content\/uploads\/2025\/10\/Damen-Marie-Betz-300x169.jpeg 300w, https:\/\/sgdoe.de\/wp-content\/uploads\/2025\/10\/Damen-Marie-Betz-768x432.jpeg 768w, https:\/\/sgdoe.de\/wp-content\/uploads\/2025\/10\/Damen-Marie-Betz-1536x864.jpeg 1536w, https:\/\/sgdoe.de\/wp-content\/uploads\/2025\/10\/Damen-Marie-Betz-2048x1152.jpeg 2048w, https:\/\/sgdoe.de\/wp-content\/uploads\/2025\/10\/Damen-Marie-Betz-1920x1080.jpeg 1920w\" sizes=\"auto, (max-width: 1024px) 100vw, 1024px\" \/><figcaption class=\"wp-element-caption\">Marie-Louise Betz<\/figcaption><\/figure>\n\n\n\n<figure class=\"wp-block-image size-large\"><img loading=\"lazy\" decoding=\"async\" width=\"1024\" height=\"576\" data-id=\"1967\" src=\"https:\/\/sgdoe.de\/wp-content\/uploads\/2025\/10\/Damen-Mara-Rieser-1024x576.jpeg\" alt=\"\" class=\"wp-image-1967\" srcset=\"https:\/\/sgdoe.de\/wp-content\/uploads\/2025\/10\/Damen-Mara-Rieser-1024x576.jpeg 1024w, https:\/\/sgdoe.de\/wp-content\/uploads\/2025\/10\/Damen-Mara-Rieser-300x169.jpeg 300w, https:\/\/sgdoe.de\/wp-content\/uploads\/2025\/10\/Damen-Mara-Rieser-768x432.jpeg 768w, https:\/\/sgdoe.de\/wp-content\/uploads\/2025\/10\/Damen-Mara-Rieser-1536x864.jpeg 1536w, https:\/\/sgdoe.de\/wp-content\/uploads\/2025\/10\/Damen-Mara-Rieser-2048x1152.jpeg 2048w, https:\/\/sgdoe.de\/wp-content\/uploads\/2025\/10\/Damen-Mara-Rieser-1920x1080.jpeg 1920w\" sizes=\"auto, (max-width: 1024px) 100vw, 1024px\" \/><figcaption class=\"wp-element-caption\">Mara Rieser<\/figcaption><\/figure>\n\n\n\n<figure class=\"wp-block-image size-large\"><img loading=\"lazy\" decoding=\"async\" width=\"1024\" height=\"576\" data-id=\"1966\" src=\"https:\/\/sgdoe.de\/wp-content\/uploads\/2025\/10\/Damen-Luisa-Weik-1024x576.jpeg\" alt=\"\" class=\"wp-image-1966\" srcset=\"https:\/\/sgdoe.de\/wp-content\/uploads\/2025\/10\/Damen-Luisa-Weik-1024x576.jpeg 1024w, https:\/\/sgdoe.de\/wp-content\/uploads\/2025\/10\/Damen-Luisa-Weik-300x169.jpeg 300w, https:\/\/sgdoe.de\/wp-content\/uploads\/2025\/10\/Damen-Luisa-Weik-768x432.jpeg 768w, https:\/\/sgdoe.de\/wp-content\/uploads\/2025\/10\/Damen-Luisa-Weik-1536x864.jpeg 1536w, https:\/\/sgdoe.de\/wp-content\/uploads\/2025\/10\/Damen-Luisa-Weik-2048x1152.jpeg 2048w, https:\/\/sgdoe.de\/wp-content\/uploads\/2025\/10\/Damen-Luisa-Weik-1920x1080.jpeg 1920w\" sizes=\"auto, (max-width: 1024px) 100vw, 1024px\" \/><figcaption class=\"wp-element-caption\">Luisa Weik<\/figcaption><\/figure>\n\n\n\n<figure class=\"wp-block-image size-large\"><img loading=\"lazy\" decoding=\"async\" width=\"1024\" height=\"576\" data-id=\"1965\" src=\"https:\/\/sgdoe.de\/wp-content\/uploads\/2025\/10\/Damen-Lisa-Hanak-1024x576.jpeg\" alt=\"\" class=\"wp-image-1965\" srcset=\"https:\/\/sgdoe.de\/wp-content\/uploads\/2025\/10\/Damen-Lisa-Hanak-1024x576.jpeg 1024w, https:\/\/sgdoe.de\/wp-content\/uploads\/2025\/10\/Damen-Lisa-Hanak-300x169.jpeg 300w, https:\/\/sgdoe.de\/wp-content\/uploads\/2025\/10\/Damen-Lisa-Hanak-768x432.jpeg 768w, https:\/\/sgdoe.de\/wp-content\/uploads\/2025\/10\/Damen-Lisa-Hanak-1536x864.jpeg 1536w, https:\/\/sgdoe.de\/wp-content\/uploads\/2025\/10\/Damen-Lisa-Hanak-2048x1152.jpeg 2048w, https:\/\/sgdoe.de\/wp-content\/uploads\/2025\/10\/Damen-Lisa-Hanak-1920x1080.jpeg 1920w\" sizes=\"auto, (max-width: 1024px) 100vw, 1024px\" \/><figcaption class=\"wp-element-caption\">Lisa Hanak<\/figcaption><\/figure>\n\n\n\n<figure class=\"wp-block-image size-large\"><img loading=\"lazy\" decoding=\"async\" width=\"1024\" height=\"576\" data-id=\"1964\" src=\"https:\/\/sgdoe.de\/wp-content\/uploads\/2025\/10\/Damen-Leni-Volz-1024x576.jpeg\" alt=\"\" class=\"wp-image-1964\" srcset=\"https:\/\/sgdoe.de\/wp-content\/uploads\/2025\/10\/Damen-Leni-Volz-1024x576.jpeg 1024w, https:\/\/sgdoe.de\/wp-content\/uploads\/2025\/10\/Damen-Leni-Volz-300x169.jpeg 300w, https:\/\/sgdoe.de\/wp-content\/uploads\/2025\/10\/Damen-Leni-Volz-768x432.jpeg 768w, https:\/\/sgdoe.de\/wp-content\/uploads\/2025\/10\/Damen-Leni-Volz-1536x864.jpeg 1536w, https:\/\/sgdoe.de\/wp-content\/uploads\/2025\/10\/Damen-Leni-Volz-2048x1152.jpeg 2048w, https:\/\/sgdoe.de\/wp-content\/uploads\/2025\/10\/Damen-Leni-Volz-1920x1080.jpeg 1920w\" sizes=\"auto, (max-width: 1024px) 100vw, 1024px\" \/><figcaption class=\"wp-element-caption\">Leni Volz<\/figcaption><\/figure>\n\n\n\n<figure class=\"wp-block-image size-large\"><img loading=\"lazy\" decoding=\"async\" width=\"1024\" height=\"576\" data-id=\"1963\" src=\"https:\/\/sgdoe.de\/wp-content\/uploads\/2025\/10\/Damen-Lena-Halupka-1024x576.jpeg\" alt=\"\" class=\"wp-image-1963\" srcset=\"https:\/\/sgdoe.de\/wp-content\/uploads\/2025\/10\/Damen-Lena-Halupka-1024x576.jpeg 1024w, https:\/\/sgdoe.de\/wp-content\/uploads\/2025\/10\/Damen-Lena-Halupka-300x169.jpeg 300w, https:\/\/sgdoe.de\/wp-content\/uploads\/2025\/10\/Damen-Lena-Halupka-768x432.jpeg 768w, https:\/\/sgdoe.de\/wp-content\/uploads\/2025\/10\/Damen-Lena-Halupka-1536x864.jpeg 1536w, https:\/\/sgdoe.de\/wp-content\/uploads\/2025\/10\/Damen-Lena-Halupka-2048x1152.jpeg 2048w, https:\/\/sgdoe.de\/wp-content\/uploads\/2025\/10\/Damen-Lena-Halupka-1920x1080.jpeg 1920w\" sizes=\"auto, (max-width: 1024px) 100vw, 1024px\" \/><figcaption class=\"wp-element-caption\">Lena Halupka<\/figcaption><\/figure>\n\n\n\n<figure class=\"wp-block-image size-large\"><img loading=\"lazy\" decoding=\"async\" width=\"1024\" height=\"576\" data-id=\"1961\" src=\"https:\/\/sgdoe.de\/wp-content\/uploads\/2025\/10\/Damen-Lara-Krieger-1024x576.jpeg\" alt=\"\" class=\"wp-image-1961\" srcset=\"https:\/\/sgdoe.de\/wp-content\/uploads\/2025\/10\/Damen-Lara-Krieger-1024x576.jpeg 1024w, https:\/\/sgdoe.de\/wp-content\/uploads\/2025\/10\/Damen-Lara-Krieger-300x169.jpeg 300w, https:\/\/sgdoe.de\/wp-content\/uploads\/2025\/10\/Damen-Lara-Krieger-768x432.jpeg 768w, https:\/\/sgdoe.de\/wp-content\/uploads\/2025\/10\/Damen-Lara-Krieger-1536x864.jpeg 1536w, https:\/\/sgdoe.de\/wp-content\/uploads\/2025\/10\/Damen-Lara-Krieger-2048x1152.jpeg 2048w, https:\/\/sgdoe.de\/wp-content\/uploads\/2025\/10\/Damen-Lara-Krieger-1920x1080.jpeg 1920w\" sizes=\"auto, (max-width: 1024px) 100vw, 1024px\" \/><figcaption class=\"wp-element-caption\">Lara Krieger<\/figcaption><\/figure>\n\n\n\n<figure class=\"wp-block-image size-large\"><img loading=\"lazy\" decoding=\"async\" width=\"1024\" height=\"576\" data-id=\"1960\" src=\"https:\/\/sgdoe.de\/wp-content\/uploads\/2025\/10\/Damen-Kim-Doehler-1024x576.jpeg\" alt=\"\" class=\"wp-image-1960\" srcset=\"https:\/\/sgdoe.de\/wp-content\/uploads\/2025\/10\/Damen-Kim-Doehler-1024x576.jpeg 1024w, https:\/\/sgdoe.de\/wp-content\/uploads\/2025\/10\/Damen-Kim-Doehler-300x169.jpeg 300w, https:\/\/sgdoe.de\/wp-content\/uploads\/2025\/10\/Damen-Kim-Doehler-768x432.jpeg 768w, https:\/\/sgdoe.de\/wp-content\/uploads\/2025\/10\/Damen-Kim-Doehler-1536x864.jpeg 1536w, https:\/\/sgdoe.de\/wp-content\/uploads\/2025\/10\/Damen-Kim-Doehler-2048x1152.jpeg 2048w, https:\/\/sgdoe.de\/wp-content\/uploads\/2025\/10\/Damen-Kim-Doehler-1920x1080.jpeg 1920w\" sizes=\"auto, (max-width: 1024px) 100vw, 1024px\" \/><figcaption class=\"wp-element-caption\">Kim D\u00f6hler<\/figcaption><\/figure>\n\n\n\n<figure class=\"wp-block-image size-large\"><img loading=\"lazy\" decoding=\"async\" width=\"1024\" height=\"576\" data-id=\"1959\" src=\"https:\/\/sgdoe.de\/wp-content\/uploads\/2025\/10\/Damen-Fiona-Ivic-1024x576.jpeg\" alt=\"\" class=\"wp-image-1959\" srcset=\"https:\/\/sgdoe.de\/wp-content\/uploads\/2025\/10\/Damen-Fiona-Ivic-1024x576.jpeg 1024w, https:\/\/sgdoe.de\/wp-content\/uploads\/2025\/10\/Damen-Fiona-Ivic-300x169.jpeg 300w, https:\/\/sgdoe.de\/wp-content\/uploads\/2025\/10\/Damen-Fiona-Ivic-768x432.jpeg 768w, https:\/\/sgdoe.de\/wp-content\/uploads\/2025\/10\/Damen-Fiona-Ivic-1536x864.jpeg 1536w, https:\/\/sgdoe.de\/wp-content\/uploads\/2025\/10\/Damen-Fiona-Ivic-2048x1152.jpeg 2048w, https:\/\/sgdoe.de\/wp-content\/uploads\/2025\/10\/Damen-Fiona-Ivic-1920x1080.jpeg 1920w\" sizes=\"auto, (max-width: 1024px) 100vw, 1024px\" \/><figcaption class=\"wp-element-caption\">Fiona Ivic<\/figcaption><\/figure>\n<\/figure>\n\n\n\n<figure class=\"wp-block-image size-large\"><img loading=\"lazy\" decoding=\"async\" width=\"1024\" height=\"576\" src=\"https:\/\/sgdoe.de\/wp-content\/uploads\/2025\/10\/Mannschaftsbild-Damen-1024x576.jpeg\" alt=\"\" class=\"wp-image-1941\" srcset=\"https:\/\/sgdoe.de\/wp-content\/uploads\/2025\/10\/Mannschaftsbild-Damen-1024x576.jpeg 1024w, https:\/\/sgdoe.de\/wp-content\/uploads\/2025\/10\/Mannschaftsbild-Damen-300x169.jpeg 300w, https:\/\/sgdoe.de\/wp-content\/uploads\/2025\/10\/Mannschaftsbild-Damen-768x432.jpeg 768w, https:\/\/sgdoe.de\/wp-content\/uploads\/2025\/10\/Mannschaftsbild-Damen-1536x864.jpeg 1536w, https:\/\/sgdoe.de\/wp-content\/uploads\/2025\/10\/Mannschaftsbild-Damen-2048x1152.jpeg 2048w, https:\/\/sgdoe.de\/wp-content\/uploads\/2025\/10\/Mannschaftsbild-Damen-1920x1080.jpeg 1920w\" sizes=\"auto, (max-width: 1024px) 100vw, 1024px\" \/><\/figure>\n\n\n\n<figure class=\"wp-block-gallery has-nested-images columns-default is-cropped wp-block-gallery-2 is-layout-flex wp-block-gallery-is-layout-flex\">\n<figure class=\"wp-block-image size-large\"><img loading=\"lazy\" decoding=\"async\" width=\"1024\" height=\"576\" data-id=\"1973\" src=\"https:\/\/sgdoe.de\/wp-content\/uploads\/2025\/10\/Trainer-Damen-1-Daniel-Benkner-1024x576.jpeg\" alt=\"\" class=\"wp-image-1973\" srcset=\"https:\/\/sgdoe.de\/wp-content\/uploads\/2025\/10\/Trainer-Damen-1-Daniel-Benkner-1024x576.jpeg 1024w, https:\/\/sgdoe.de\/wp-content\/uploads\/2025\/10\/Trainer-Damen-1-Daniel-Benkner-300x169.jpeg 300w, https:\/\/sgdoe.de\/wp-content\/uploads\/2025\/10\/Trainer-Damen-1-Daniel-Benkner-768x432.jpeg 768w, https:\/\/sgdoe.de\/wp-content\/uploads\/2025\/10\/Trainer-Damen-1-Daniel-Benkner-1536x864.jpeg 1536w, https:\/\/sgdoe.de\/wp-content\/uploads\/2025\/10\/Trainer-Damen-1-Daniel-Benkner-2048x1152.jpeg 2048w, https:\/\/sgdoe.de\/wp-content\/uploads\/2025\/10\/Trainer-Damen-1-Daniel-Benkner-1920x1080.jpeg 1920w\" sizes=\"auto, (max-width: 1024px) 100vw, 1024px\" \/><figcaption class=\"wp-element-caption\">Daniel Benkner<\/figcaption><\/figure>\n\n\n\n<figure class=\"wp-block-image size-large\"><img loading=\"lazy\" decoding=\"async\" width=\"1024\" height=\"576\" data-id=\"1957\" src=\"https:\/\/sgdoe.de\/wp-content\/uploads\/2025\/10\/Co-Trainer-Damen-1-Sebastian-Flum-1024x576.jpeg\" alt=\"\" class=\"wp-image-1957\" srcset=\"https:\/\/sgdoe.de\/wp-content\/uploads\/2025\/10\/Co-Trainer-Damen-1-Sebastian-Flum-1024x576.jpeg 1024w, https:\/\/sgdoe.de\/wp-content\/uploads\/2025\/10\/Co-Trainer-Damen-1-Sebastian-Flum-300x169.jpeg 300w, https:\/\/sgdoe.de\/wp-content\/uploads\/2025\/10\/Co-Trainer-Damen-1-Sebastian-Flum-768x432.jpeg 768w, https:\/\/sgdoe.de\/wp-content\/uploads\/2025\/10\/Co-Trainer-Damen-1-Sebastian-Flum-1536x864.jpeg 1536w, https:\/\/sgdoe.de\/wp-content\/uploads\/2025\/10\/Co-Trainer-Damen-1-Sebastian-Flum-2048x1152.jpeg 2048w, https:\/\/sgdoe.de\/wp-content\/uploads\/2025\/10\/Co-Trainer-Damen-1-Sebastian-Flum-1920x1080.jpeg 1920w\" sizes=\"auto, (max-width: 1024px) 100vw, 1024px\" \/><figcaption class=\"wp-element-caption\">Sebastian Flum<\/figcaption><\/figure>\n<\/figure>\n","protected":false},"excerpt":{"rendered":"<p>Frauen SG Degmarn Oedheim 25\/26 &#8211; Verbandsliga Hintere Reihe von links nach rechts:Sebastian Flum, Lisa Hanak, Kim D\u00f6hler, Luisa Weik, Lena Halupka, Mara Rieser, Lara Krieger, Daniel BenknerVordere Reihe von links nach rechts:Leni Volz, Fiona Ivic, Marie-Louise Betz, Tabea Karle, Lea Stammer, Simone Karle, Michelle Jesser, Nina WielandEs fehlen: Lea Schmierer, Maria Odenwald, Jolie Kappes&#8230;&hellip; <br \/> <a class=\"read-more\" href=\"https:\/\/sgdoe.de\/?page_id=23\">Weiterlesen<\/a><\/p>\n","protected":false},"author":1,"featured_media":0,"parent":18,"menu_order":0,"comment_status":"closed","ping_status":"closed","template":"page-templates\/homepage.php","meta":{"footnotes":""},"class_list":["post-23","page","type-page","status-publish","hentry"],"_links":{"self":[{"href":"https:\/\/sgdoe.de\/index.php?rest_route=\/wp\/v2\/pages\/23","targetHints":{"allow":["GET"]}}],"collection":[{"href":"https:\/\/sgdoe.de\/index.php?rest_route=\/wp\/v2\/pages"}],"about":[{"href":"https:\/\/sgdoe.de\/index.php?rest_route=\/wp\/v2\/types\/page"}],"author":[{"embeddable":true,"href":"https:\/\/sgdoe.de\/index.php?rest_route=\/wp\/v2\/users\/1"}],"replies":[{"embeddable":true,"href":"https:\/\/sgdoe.de\/index.php?rest_route=%2Fwp%2Fv2%2Fcomments&post=23"}],"version-history":[{"count":57,"href":"https:\/\/sgdoe.de\/index.php?rest_route=\/wp\/v2\/pages\/23\/revisions"}],"predecessor-version":[{"id":1977,"href":"https:\/\/sgdoe.de\/index.php?rest_route=\/wp\/v2\/pages\/23\/revisions\/1977"}],"up":[{"embeddable":true,"href":"https:\/\/sgdoe.de\/index.php?rest_route=\/wp\/v2\/pages\/18"}],"wp:attachment":[{"href":"https:\/\/sgdoe.de\/index.php?rest_route=%2Fwp%2Fv2%2Fmedia&parent=23"}],"curies":[{"name":"wp","href":"https:\/\/api.w.org\/{rel}","templated":true}]}}