{"id":230,"date":"2020-04-01T14:08:56","date_gmt":"2020-04-01T14:08:56","guid":{"rendered":"http:\/\/sgdoe.de\/?page_id=230"},"modified":"2025-10-22T16:14:46","modified_gmt":"2025-10-22T16:14:46","slug":"ah-40","status":"publish","type":"page","link":"https:\/\/sgdoe.de\/?page_id=230","title":{"rendered":"AH 32"},"content":{"rendered":"\n<p>Herren \u00dc32\/\u00dc40 &#8211; amtierender Bezirksmeister!<\/p>\n\n\n\n<figure class=\"wp-block-image size-large\"><img loading=\"lazy\" decoding=\"async\" width=\"1024\" height=\"576\" src=\"https:\/\/sgdoe.de\/wp-content\/uploads\/2025\/10\/Mannschaftsbild-AH-40-1024x576.jpg\" alt=\"\" class=\"wp-image-1991\" srcset=\"https:\/\/sgdoe.de\/wp-content\/uploads\/2025\/10\/Mannschaftsbild-AH-40-1024x576.jpg 1024w, https:\/\/sgdoe.de\/wp-content\/uploads\/2025\/10\/Mannschaftsbild-AH-40-300x169.jpg 300w, https:\/\/sgdoe.de\/wp-content\/uploads\/2025\/10\/Mannschaftsbild-AH-40-768x432.jpg 768w, https:\/\/sgdoe.de\/wp-content\/uploads\/2025\/10\/Mannschaftsbild-AH-40-1536x864.jpg 1536w, https:\/\/sgdoe.de\/wp-content\/uploads\/2025\/10\/Mannschaftsbild-AH-40-2048x1152.jpg 2048w, https:\/\/sgdoe.de\/wp-content\/uploads\/2025\/10\/Mannschaftsbild-AH-40-1920x1080.jpg 1920w\" sizes=\"auto, (max-width: 1024px) 100vw, 1024px\" \/><\/figure>\n\n\n\n<p><strong>Hintere Reihe von links nach rechts:<\/strong><br>Andreas Gauch, Sebastian Flum, Steffen Mosthaf, Thomas Schick, Armin M\u00fcller, Niclas Jochim, G\u00fcnter Keicher<br><strong>Vordere Reihe von links nach rechts:<\/strong><br>Mario Sch\u00fctterle, Markus Greis, Harald Fruh, Nico Leichter, Daniel Benkner<br><strong>Es fehlen:<\/strong> <br>Tobias Birn, Marcel Jesser, Tobias G\u00e4rttner, Bryan Delattiebeaudiere, Benjamin Schreider<\/p>\n\n\n\n\n\n<p><\/p>\n\n\n\n<p><\/p>\n\n\n\n<p><\/p>\n\n\n\n<p><\/p>\n","protected":false},"excerpt":{"rendered":"<p>Herren \u00dc32\/\u00dc40 &#8211; amtierender Bezirksmeister! Hintere Reihe von links nach rechts:Andreas Gauch, Sebastian Flum, Steffen Mosthaf, Thomas Schick, Armin M\u00fcller, Niclas Jochim, G\u00fcnter KeicherVordere Reihe von links nach rechts:Mario Sch\u00fctterle, Markus Greis, Harald Fruh, Nico Leichter, Daniel BenknerEs fehlen: Tobias Birn, Marcel Jesser, Tobias G\u00e4rttner, Bryan Delattiebeaudiere, Benjamin Schreider<\/p>\n","protected":false},"author":1,"featured_media":0,"parent":18,"menu_order":0,"comment_status":"closed","ping_status":"closed","template":"page-templates\/homepage.php","meta":{"footnotes":""},"class_list":["post-230","page","type-page","status-publish","hentry"],"_links":{"self":[{"href":"https:\/\/sgdoe.de\/index.php?rest_route=\/wp\/v2\/pages\/230","targetHints":{"allow":["GET"]}}],"collection":[{"href":"https:\/\/sgdoe.de\/index.php?rest_route=\/wp\/v2\/pages"}],"about":[{"href":"https:\/\/sgdoe.de\/index.php?rest_route=\/wp\/v2\/types\/page"}],"author":[{"embeddable":true,"href":"https:\/\/sgdoe.de\/index.php?rest_route=\/wp\/v2\/users\/1"}],"replies":[{"embeddable":true,"href":"https:\/\/sgdoe.de\/index.php?rest_route=%2Fwp%2Fv2%2Fcomments&post=230"}],"version-history":[{"count":15,"href":"https:\/\/sgdoe.de\/index.php?rest_route=\/wp\/v2\/pages\/230\/revisions"}],"predecessor-version":[{"id":2007,"href":"https:\/\/sgdoe.de\/index.php?rest_route=\/wp\/v2\/pages\/230\/revisions\/2007"}],"up":[{"embeddable":true,"href":"https:\/\/sgdoe.de\/index.php?rest_route=\/wp\/v2\/pages\/18"}],"wp:attachment":[{"href":"https:\/\/sgdoe.de\/index.php?rest_route=%2Fwp%2Fv2%2Fmedia&parent=230"}],"curies":[{"name":"wp","href":"https:\/\/api.w.org\/{rel}","templated":true}]}}