{"id":60,"date":"2020-03-22T11:24:34","date_gmt":"2020-03-22T11:24:34","guid":{"rendered":"http:\/\/neu.sgdoe.de\/?page_id=60"},"modified":"2026-03-30T15:59:38","modified_gmt":"2026-03-30T15:59:38","slug":"mesmerize","status":"publish","type":"page","link":"https:\/\/sgdoe.de\/","title":{"rendered":"Front Page"},"content":{"rendered":"<div  id=\"latest-news-1\" class=\"blog-section blog-section-standard content-section content-section-spacing\" style=\"background-color: #f5fafd;\" data-label=\"Latest-news\" data-id=\"blog-section\" data-export-id=\"blog-section\" data-category=\"latest_news\">\n<div  class=\"gridContainer\">\n<div  class=\"row\">\n<div  class=\"section-title-col\" data-type=\"column\">\n<h2  class=\"\">NEWS \/ BERICHTE<\/h2>\n<\/div>\n<\/div>\n<div  class=\"row\">\n<div  data-type=\"row\" data-dynamic-columns=\"handled\" data-content-shortcode=\"mesmerize_latest_news\">\t\t<div class=\"row center-sm content-left-sm\">\n\t\t\t\t\t<div id=\"post-2187\" class=\"col-sm-6 col-md-4 space-bottom space-bottom-xs\">\n\t\t\t\t<div class=\"post-content card y-move bordered\">\n\t\t\t\t\t<div class=\"post-thumbnail\">\n   <a href=\"https:\/\/sgdoe.de\/?p=2187\" class=\"post-list-item-thumb \">\n      <img loading=\"lazy\" decoding=\"async\" width=\"1024\" height=\"576\" src=\"https:\/\/sgdoe.de\/wp-content\/uploads\/2025\/10\/Mannschaftsbild-Herren-1-1024x576.jpeg\" class=\"attachment-post-thumbnail size-post-thumbnail wp-post-image\" alt=\"\" srcset=\"https:\/\/sgdoe.de\/wp-content\/uploads\/2025\/10\/Mannschaftsbild-Herren-1-1024x576.jpeg 1024w, https:\/\/sgdoe.de\/wp-content\/uploads\/2025\/10\/Mannschaftsbild-Herren-1-300x169.jpeg 300w, https:\/\/sgdoe.de\/wp-content\/uploads\/2025\/10\/Mannschaftsbild-Herren-1-768x432.jpeg 768w, https:\/\/sgdoe.de\/wp-content\/uploads\/2025\/10\/Mannschaftsbild-Herren-1-1536x864.jpeg 1536w, https:\/\/sgdoe.de\/wp-content\/uploads\/2025\/10\/Mannschaftsbild-Herren-1-2048x1152.jpeg 2048w, https:\/\/sgdoe.de\/wp-content\/uploads\/2025\/10\/Mannschaftsbild-Herren-1-1920x1080.jpeg 1920w\" sizes=\"auto, (max-width: 1024px) 100vw, 1024px\" \/>   <\/a>\n<\/div>\n\t\t\t\t\t<div class=\"col-padding col-padding-xs\">\n\t\t\t\t\t\t<h3 class=\"post-title space-bottom-small\">\n\t\t\t\t\t\t\t<a href=\"https:\/\/sgdoe.de\/?p=2187\" rel=\"bookmark\">\n\t\t\t\t\t\t\t\tIn Buchen gibt\u2019s nichts zu holen\u2026\t\t\t\t\t\t\t<\/a>\n\t\t\t\t\t\t<\/h3>\n\t\t\t\t\t\t<p>TSV 1863 Buchen &#8211; SG Degmarn-Oedheim: 34:31 (19:19) Handballspiele ohne Harz machen wenig Spa\u00df, wenn dann auch noch zwei St\u00fcck nacheinander auf dem Spielplan stehen, ist das besonders ungl\u00fccklich. Trotzdem[&hellip;]<\/p>\n\t\t\t\t\t\t<a class=\"read-more link\" href=\"https:\/\/sgdoe.de\/?p=2187\">\n\t\t\t\t\t\t\tRead more\t\t\t\t\t\t<\/a>\n\t\t\t\t\t<\/div>\n\t\t\t\t<\/div>\n\t\t\t<\/div>\n\t\t\t\t\t\t<div id=\"post-2178\" class=\"col-sm-6 col-md-4 space-bottom space-bottom-xs\">\n\t\t\t\t<div class=\"post-content card y-move bordered\">\n\t\t\t\t\t<div class=\"post-thumbnail\">\n   <a href=\"https:\/\/sgdoe.de\/?p=2178\" class=\"post-list-item-thumb \">\n      <img loading=\"lazy\" decoding=\"async\" width=\"795\" height=\"258\" src=\"https:\/\/sgdoe.de\/wp-content\/uploads\/2026\/04\/2026-04-20-15_12_28-JHV-2026-05-08-1.docx-Word.png\" class=\"attachment-post-thumbnail size-post-thumbnail wp-post-image\" alt=\"\" srcset=\"https:\/\/sgdoe.de\/wp-content\/uploads\/2026\/04\/2026-04-20-15_12_28-JHV-2026-05-08-1.docx-Word.png 795w, https:\/\/sgdoe.de\/wp-content\/uploads\/2026\/04\/2026-04-20-15_12_28-JHV-2026-05-08-1.docx-Word-300x97.png 300w, https:\/\/sgdoe.de\/wp-content\/uploads\/2026\/04\/2026-04-20-15_12_28-JHV-2026-05-08-1.docx-Word-768x249.png 768w\" sizes=\"auto, (max-width: 795px) 100vw, 795px\" \/>   <\/a>\n<\/div>\n\t\t\t\t\t<div class=\"col-padding col-padding-xs\">\n\t\t\t\t\t\t<h3 class=\"post-title space-bottom-small\">\n\t\t\t\t\t\t\t<a href=\"https:\/\/sgdoe.de\/?p=2178\" rel=\"bookmark\">\n\t\t\t\t\t\t\t\tJahreshauptversammlung der SG\t\t\t\t\t\t\t<\/a>\n\t\t\t\t\t\t<\/h3>\n\t\t\t\t\t\t<p>am Freitag den 08.05.2026 l\u00e4dt die SG ganz herzlich alle Mitglieder zur JHV 2026 in das Sportheim Kocheraue nach Oedheim ein. 19:00 Uhr JHV des F\u00f6rderverein 19:30 Uhr JHV der[&hellip;]<\/p>\n\t\t\t\t\t\t<a class=\"read-more link\" href=\"https:\/\/sgdoe.de\/?p=2178\">\n\t\t\t\t\t\t\tRead more\t\t\t\t\t\t<\/a>\n\t\t\t\t\t<\/div>\n\t\t\t\t<\/div>\n\t\t\t<\/div>\n\t\t\t\t\t\t<div id=\"post-2175\" class=\"col-sm-6 col-md-4 space-bottom space-bottom-xs\">\n\t\t\t\t<div class=\"post-content card y-move bordered\">\n\t\t\t\t\t<div class=\"post-thumbnail\">\n   <a href=\"https:\/\/sgdoe.de\/?p=2175\" class=\"post-list-item-thumb \">\n      <img loading=\"lazy\" decoding=\"async\" width=\"1024\" height=\"343\" src=\"https:\/\/sgdoe.de\/wp-content\/uploads\/2026\/04\/670413294_18312895774275074_4292533755567140253_n-1024x343.jpg\" class=\"attachment-post-thumbnail size-post-thumbnail wp-post-image\" alt=\"\" srcset=\"https:\/\/sgdoe.de\/wp-content\/uploads\/2026\/04\/670413294_18312895774275074_4292533755567140253_n-1024x343.jpg 1024w, https:\/\/sgdoe.de\/wp-content\/uploads\/2026\/04\/670413294_18312895774275074_4292533755567140253_n-300x100.jpg 300w, https:\/\/sgdoe.de\/wp-content\/uploads\/2026\/04\/670413294_18312895774275074_4292533755567140253_n-768x257.jpg 768w, https:\/\/sgdoe.de\/wp-content\/uploads\/2026\/04\/670413294_18312895774275074_4292533755567140253_n.jpg 1440w\" sizes=\"auto, (max-width: 1024px) 100vw, 1024px\" \/>   <\/a>\n<\/div>\n\t\t\t\t\t<div class=\"col-padding col-padding-xs\">\n\t\t\t\t\t\t<h3 class=\"post-title space-bottom-small\">\n\t\t\t\t\t\t\t<a href=\"https:\/\/sgdoe.de\/?p=2175\" rel=\"bookmark\">\n\t\t\t\t\t\t\t\tGrandioser Saisonabschluss der SG-Damen\t\t\t\t\t\t\t<\/a>\n\t\t\t\t\t\t<\/h3>\n\t\t\t\t\t\t<p>TSV ALLOWA vs. SG Degmarn Oedheim 23:31 (12:14) Nach einem dominanten Heimsieg gegen den Tabellenzweiten, ausgelassener Feier und dem vorzeitig gesicherten Meistertitel in der Verbandsliga im Gep\u00e4ck stand f\u00fcr die[&hellip;]<\/p>\n\t\t\t\t\t\t<a class=\"read-more link\" href=\"https:\/\/sgdoe.de\/?p=2175\">\n\t\t\t\t\t\t\tRead more\t\t\t\t\t\t<\/a>\n\t\t\t\t\t<\/div>\n\t\t\t\t<\/div>\n\t\t\t<\/div>\n\t\t\t\t<\/div>\n\t<\/div>\n<\/div>\n<div  class=\"row\">\n<div  class=\"text-center\"><a  class=\"button color1\" href=\"https:\/\/sgdoe.de\/?page_id=61\" data-attr-shortcode=\"href:mesmerize_blog_link\">SEE ALL BLOG POSTS<\/a><\/div>\n<\/div>\n<\/div>\n<\/div><div  data-label=\"Features\" data-id=\"features--1\" data-export-id=\"features-13-card-bordered\" data-category=\"features\" class=\"features-13 content-section content-section-spacing\" id=\"features-1\" style=\"background-color: rgb(245, 250, 253); background-image: none;\"><div  class=\"gridContainer\"> <div  class=\"row text-center\"><div  class=\"section-title-col\" data-type=\"column\">  \n\t\t\t\t<p  class=\"\">\t\t<div id=\"instagram-gallery-feed-0\" class=\"instagram-gallery-feed\" data-feed=\"{&quot;id&quot;:0,&quot;account_id&quot;:&quot;31260522593592488&quot;,&quot;source&quot;:&quot;username&quot;,&quot;tag&quot;:&quot;wordpress&quot;,&quot;order_by&quot;:&quot;top_media&quot;,&quot;layout&quot;:&quot;carousel&quot;,&quot;limit&quot;:6,&quot;columns&quot;:3,&quot;spacing&quot;:10,&quot;lazy&quot;:false,&quot;responsive&quot;:{&quot;desktop&quot;:{&quot;columns&quot;:3,&quot;spacing&quot;:10},&quot;tablet&quot;:{&quot;columns&quot;:2,&quot;spacing&quot;:8},&quot;mobile&quot;:{&quot;columns&quot;:1,&quot;spacing&quot;:6},&quot;breakpoints&quot;:{&quot;tablet&quot;:768,&quot;mobile&quot;:480}},&quot;aspect_ratio&quot;:{&quot;width&quot;:1,&quot;height&quot;:1},&quot;highlight&quot;:{&quot;tag&quot;:&quot;&quot;,&quot;id&quot;:&quot;&quot;,&quot;position&quot;:&quot;1,3,5&quot;},&quot;reel&quot;:{&quot;hide&quot;:true},&quot;copyright&quot;:{&quot;hide&quot;:false,&quot;placeholder&quot;:&quot;&quot;},&quot;profile&quot;:{&quot;display&quot;:false,&quot;username&quot;:&quot;&quot;,&quot;nickname&quot;:&quot;&quot;,&quot;website&quot;:&quot;&quot;,&quot;biography&quot;:&quot;&quot;,&quot;link_text&quot;:&quot;Follow&quot;,&quot;website_text&quot;:&quot;Website&quot;,&quot;avatar&quot;:&quot;&quot;},&quot;box&quot;:{&quot;display&quot;:false,&quot;padding&quot;:1,&quot;radius&quot;:0,&quot;background&quot;:&quot;#fefefe&quot;,&quot;profile&quot;:false,&quot;desc&quot;:&quot;&quot;,&quot;text_color&quot;:&quot;#000000&quot;},&quot;mask&quot;:{&quot;display&quot;:true,&quot;background&quot;:&quot;#000000&quot;,&quot;icon_color&quot;:&quot;#ffffff&quot;,&quot;likes_count&quot;:true,&quot;comments_count&quot;:true},&quot;card&quot;:{&quot;display&quot;:false,&quot;radius&quot;:1,&quot;font_size&quot;:12,&quot;background&quot;:&quot;#ffffff&quot;,&quot;background_hover&quot;:&quot;&quot;,&quot;text_color&quot;:&quot;#000000&quot;,&quot;padding&quot;:5,&quot;likes_count&quot;:false,&quot;text_length&quot;:10,&quot;comments_count&quot;:false,&quot;text_align&quot;:&quot;left&quot;},&quot;carousel&quot;:{&quot;centered_slides&quot;:false,&quot;autoplay&quot;:false,&quot;autoplay_interval&quot;:3000,&quot;navarrows&quot;:true,&quot;navarrows_color&quot;:&quot;&quot;,&quot;pagination&quot;:true,&quot;pagination_color&quot;:&quot;&quot;},&quot;modal&quot;:{&quot;display&quot;:true,&quot;profile&quot;:true,&quot;media_description&quot;:true,&quot;likes_count&quot;:true,&quot;comments_count&quot;:true,&quot;comments_list&quot;:false,&quot;text_align&quot;:&quot;left&quot;,&quot;modal_align&quot;:&quot;right&quot;,&quot;text_length&quot;:10000,&quot;font_size&quot;:12},&quot;button&quot;:{&quot;display&quot;:true,&quot;text&quot;:&quot;View on Instagram&quot;,&quot;text_color&quot;:&quot;#ffff&quot;,&quot;background&quot;:&quot;&quot;,&quot;background_hover&quot;:&quot;&quot;},&quot;button_load&quot;:{&quot;display&quot;:false,&quot;text&quot;:&quot;Load more...&quot;,&quot;text_color&quot;:&quot;#ffff&quot;,&quot;background&quot;:&quot;&quot;,&quot;background_hover&quot;:&quot;&quot;}}\">\n\t\t<!-- <FeedContainer\/> -->\n\t\t<\/div>\n\t\t\t\t<\/p>\n\t\t\t\t\n\t\t\t\t\n\t\t\n\t\t\t\t\n\t\t<\/div> <\/div> <div  class=\"row spaced-cols content-center-sm\" data-type=\"row\">   <div  class=\"col-sm-4 col-md-12 \"> <div  class=\"card bordered y-move\" data-type=\"column\">    <\/div> <\/div><\/div> <\/div><\/div><div  id=\"overlappable-4\" class=\"overlappable-4 content-section content-section-spacing\" style=\"background-color: #ffffff;\" data-label=\"Overlappable\" data-id=\"overlappable-4\" data-export-id=\"overlappable-4\" data-category=\"overlappable\" data-overlap=\"true\">\n<div  class=\"gridContainer\">\n<div  class=\"row spaced-cols text-center\" data-type=\"row\">\n<div  class=\"col-xs-12 col-sm-4 col-padding\"><i  class=\"fa icon shadow-large-black aligncenter color1 fa-clone reverse round big\"><\/i>\n<div  class=\"\" data-type=\"column\">\n<h5  class=\"\">SG EXPRESS<\/h5>\n<p  class=\"\">SG Express \u2013 die Infos zur aktuellen Saison<\/p>\n<a  class=\"\" href=\"https:\/\/www.yumpu.com\/de\/document\/read\/63045542\/sg-express-2019\" target=\"_blank\" rel=\"noopener noreferrer\" data-cp-link=\"1\"><img  decoding=\"async\" class=\"custom-image\" title=\"cropped-SGexpress.jpg\" src=\"http:\/\/neu.sgdoe.de\/wp-content\/uploads\/2020\/03\/cropped-SGexpress.jpg\" alt=\"\"><\/a><a  data-cp-link=\"1\" href=\"https:\/\/www.yumpu.com\/de\/document\/read\/69008186\/sg-express-2024\" class=\"\" target=\"_blank\" rel=\"noopener\"><img  decoding=\"async\" class=\"custom-image\" title=\"cropped-SGexpress-1.jpg\" src=\"https:\/\/sgdoe.de\/wp-content\/uploads\/2024\/10\/cropped-SGExpress24.jpg\" alt=\"\"><\/a>\n\n<\/div>\n<\/div>\n<div  class=\"col-xs-12 col-sm-4 col-padding\"><i  class=\"fa icon shadow-large-black aligncenter color1 fa-calendar reverse round big\"><\/i>\n<div  class=\"\" data-type=\"column\">\n<h5  class=\"\">ERGEBNISSE \/ TABELLEN<\/h5>\n<p  class=\"\">Aktuelle Ergebnisse und Tabellen der SG Teams.<\/p>\n<a  class=\"\" href=\"https:\/\/www.hvw-online.org\/spielbetrieb\/ergebnissetabellen?ogId=3&amp;cId=25#\/club?ogId=3&amp;cId=25\" target=\"_blank\" rel=\"noopener noreferrer\" data-cp-link=\"1\"><img  decoding=\"async\" class=\"custom-image\" title=\"cropped-hvw_logo_neu1_01.png\" src=\"http:\/\/neu.sgdoe.de\/wp-content\/uploads\/2020\/03\/cropped-hvw_logo_neu1_01.png\" alt=\"\"><\/a>\n\n<a  data-cp-link=\"1\" href=\"https:\/\/www.handball.net\/vereine\/handball4all.wuerttemberg.25\" class=\"\" target=\"_self\"><img  decoding=\"async\" class=\"custom-image\" src=\"https:\/\/sgdoe.de\/wp-content\/uploads\/2025\/09\/cropped-cropped-handballnet.webp\" title=\"cropped-cropped-handballnet.webp\" alt=\"\"><\/a><\/div>\n<\/div>\n<div  class=\"col-xs-12 col-sm-4 col-padding\"><i  class=\"fa icon shadow-large-black aligncenter color1 fa-home reverse round big\"><\/i>\n<div  class=\"\" data-type=\"column\">\n<h5  class=\"\">JSG KOCHERTAL<\/h5>\n<p  class=\"\">Jugenabteilung JSG Kochertal<\/p>\n<a  class=\"\" href=\"http:\/\/www.jsg-nk.de\" target=\"_blank\" rel=\"noopener noreferrer\" data-cp-link=\"1\"><img  decoding=\"async\" class=\"custom-image\" title=\"cropped-JSG-LOGO_90_70_frei.png\" src=\"http:\/\/neu.sgdoe.de\/wp-content\/uploads\/2020\/03\/cropped-JSG-LOGO_90_70_frei.png\" alt=\"\"><\/a>\n\n<a  data-cp-link=\"1\" href=\"https:\/\/jsg-kochertal.de\" class=\"\" target=\"_self\"><img  decoding=\"async\" class=\"custom-image\" src=\"https:\/\/sgdoe.de\/wp-content\/uploads\/2025\/09\/cropped-JSG_Logo.png\" title=\"cropped-JSG_Logo.png\" alt=\"\"><\/a><\/div>\n<\/div>\n<\/div>\n<\/div>\n<\/div><div  data-label=\"Team\" data-id=\"team--1\" data-export-id=\"team-2\" data-category=\"team\" class=\"team-2 content-section content-section-spacing\" id=\"team-1\" style=\"background-color: rgb(245, 250, 253);\"><div  class=\"gridContainer\"> <div  class=\"row text-center\"><div  class=\"section-title-col\" data-type=\"column\"> <h2  class=\"\">Teams der SG<\/h2> <p  class=\"lead\">Die SG Degmarn Oedheim ist in der Saison 25\/26 mit 2 Herrenteams, einem Damenteam, sowie der AH40 im Spielbetrieb.<br >Die Jugend ist in die JSG Kochertal integriert.<\/p><\/div> <\/div> <div  class=\"row spaced-cols content-center-sm center-sm\" data-type=\"row\"> <div  class=\"col-sm-6 col-md-4 \"> <div  class=\"card y-move no-padding bordered\"> <img  decoding=\"async\" class=\"face\" src=\"http:\/\/neu.sgdoe.de\/wp-content\/plugins\/mesmerize-companion\/theme-data\/mesmerize\/sections\/images\/team-1.jpg\"> <div  data-type=\"column\" class=\"col-padding-small col-padding-small-xs description-container\"> <h4  class=\"font-500\">Herren 1 \u2013 Landesliga<\/h4>   <a  data-cp-link=\"1\" href=\"https:\/\/sgdoe.de?page_id=22\" class=\"\" target=\"_self\" rel=\"noopener\"><img  decoding=\"async\" class=\"custom-image\" src=\"https:\/\/sgdoe.de\/wp-content\/uploads\/2024\/01\/cropped-Herren-1-Verbandsliga.jpg\" alt=\"\" title=\"cropped-Herren1_2019.jpg\"><\/a><div  class=\"social-icons-group\" data-type=\"group\"> <a  href=\"https:\/\/www.hvw-online.org\/spielbetrieb\/ergebnissetabellen?ogId=3&amp;lId=49301#\/league?ogId=3&amp;lId=49301\" target=\"_blank\" class=\"\" rel=\"noopener\"><i  class=\"gray fa icon fa-table\"><\/i><\/a> <a  href=\"#\" target=\"_self\" data-reiki-hidden=\"true\" rel=\"noopener\"><i  class=\"gray fa icon fa-twitter-square\"><\/i><\/a> <a  href=\"#\" target=\"_self\" data-reiki-hidden=\"true\" rel=\"noopener\"><i  class=\"gray fa icon fa-linkedin-square\"><\/i><\/a> <a  href=\"#\" target=\"_self\" data-reiki-hidden=\"true\" rel=\"noopener\"><i  class=\"gray fa icon fa-google-plus-square\"><\/i><\/a><\/div><\/div><\/div> <\/div> <div  class=\"col-sm-6 col-md-4 \"> <div  class=\"card y-move no-padding bordered\"> <img  decoding=\"async\" class=\"face\" src=\"http:\/\/neu.sgdoe.de\/wp-content\/plugins\/mesmerize-companion\/theme-data\/mesmerize\/sections\/images\/team-2.jpg\"> <div  data-type=\"column\" class=\"col-padding-small col-padding-small-xs description-container\"> <h4  class=\"font-500\">Herren 2 \u2013 Kreisliga B<\/h4>   <a  data-cp-link=\"1\" href=\"https:\/\/sgdoe.de?page_id=24\" class=\"\" target=\"_self\" rel=\"noopener\"><img  decoding=\"async\" class=\"custom-image\" src=\"https:\/\/sgdoe.de\/wp-content\/uploads\/2024\/01\/cropped-Herren-2_Kreisliga-B.jpg\" alt=\"\" title=\"cropped-Herren2.jpg\"><\/a><div  class=\"social-icons-group\" data-type=\"group\"> <a  href=\"https:\/\/www.hvw-online.org\/spielbetrieb\/ergebnissetabellen?ogId=3&amp;lId=49311#\/league?ogId=3&amp;lId=49311\" target=\"_self\" class=\"\" rel=\"noopener\"><i  class=\"gray fa icon fa-table\"><\/i><\/a> <a  href=\"#\" target=\"_self\" data-reiki-hidden=\"true\" rel=\"noopener\"><i  class=\"gray fa icon fa-twitter-square\"><\/i><\/a> <a  href=\"#\" target=\"_self\" data-reiki-hidden=\"true\" rel=\"noopener\"><i  class=\"gray fa icon fa-linkedin-square\"><\/i><\/a> <a  href=\"#\" target=\"_self\" data-reiki-hidden=\"true\" rel=\"noopener\"><i  class=\"gray fa icon fa-google-plus-square\"><\/i><\/a><\/div><\/div><\/div> <\/div> <div  class=\"col-sm-6 col-md-4 \"> <div  class=\"card y-move no-padding bordered\"> <img  decoding=\"async\" class=\"face\" src=\"http:\/\/neu.sgdoe.de\/wp-content\/plugins\/mesmerize-companion\/theme-data\/mesmerize\/sections\/images\/team-3.jpg\"> <div  data-type=\"column\" class=\"col-padding-small col-padding-small-xs description-container\"> <h4  class=\"font-500\">Damen \u2013 Verbandsliga<\/h4>   <a  data-cp-link=\"1\" href=\"https:\/\/sgdoe.de?page_id=23\" class=\"\" target=\"_self\" rel=\"noopener\"><img  decoding=\"async\" class=\"custom-image\" src=\"https:\/\/sgdoe.de\/wp-content\/uploads\/2024\/01\/cropped-Damen-1-Landesliga.jpg\" alt=\"\" title=\"cropped-Damen_2019-2.jpg\"><\/a><div  class=\"social-icons-group\" data-type=\"group\"> <a  href=\"https:\/\/www.hvw-online.org\/spielbetrieb\/ergebnissetabellen?ogId=3&amp;lId=49356#\/league?ogId=3&amp;lId=49356\" target=\"_self\" class=\"\" rel=\"noopener\"><i  class=\"gray fa icon fa-table\"><\/i><\/a> <a  href=\"#\" target=\"_self\" data-reiki-hidden=\"true\" rel=\"noopener\"><i  class=\"gray fa icon fa-twitter-square\"><\/i><\/a> <a  href=\"#\" target=\"_self\" data-reiki-hidden=\"true\" rel=\"noopener\"><i  class=\"gray fa icon fa-linkedin-square\"><\/i><\/a> <a  href=\"#\" target=\"_self\" data-reiki-hidden=\"true\" rel=\"noopener\"><i  class=\"gray fa icon fa-google-plus-square\"><\/i><\/a><\/div><\/div><\/div> <\/div> <div  class=\"col-sm-6 col-md-4 \"> <div  class=\"card y-move no-padding bordered\"> <img  decoding=\"async\" class=\"face\" src=\"http:\/\/neu.sgdoe.de\/wp-content\/plugins\/mesmerize-companion\/theme-data\/mesmerize\/sections\/images\/team-2.jpg\"> <div  data-type=\"column\" class=\"col-padding-small col-padding-small-xs description-container\"> <h4  class=\"font-500\">Herren \u00dc40 \u2013 Bezirksliga<\/h4>   <a  data-cp-link=\"1\" href=\"https:\/\/sgdoe.de?page_id=230\" class=\"\" target=\"_self\" rel=\"noopener\"><img  decoding=\"async\" class=\"custom-image\" src=\"https:\/\/sgdoe.de\/wp-content\/uploads\/2024\/01\/cropped-AH-40.jpg\" alt=\"\" title=\"cropped-AH40_HP-5.jpg\"><\/a><div  class=\"social-icons-group\" data-type=\"group\"> <a  href=\"https:\/\/www.hvw-online.org\/spielbetrieb\/ergebnissetabellen?ogId=3&amp;lId=52126#\/league?ogId=3&amp;lId=52126\" target=\"_blank\" class=\"\" rel=\"noopener\"><i  class=\"gray fa icon fa-table\"><\/i><\/a> <a  href=\"#\" target=\"_self\" data-reiki-hidden=\"true\" rel=\"noopener\"><i  class=\"gray fa icon fa-twitter-square\"><\/i><\/a> <a  href=\"#\" target=\"_self\" data-reiki-hidden=\"true\" rel=\"noopener\"><i  class=\"gray fa icon fa-linkedin-square\"><\/i><\/a> <a  href=\"#\" target=\"_self\" data-reiki-hidden=\"true\" rel=\"noopener\"><i  class=\"gray fa icon fa-google-plus-square\"><\/i><\/a><\/div><\/div><\/div> <\/div>    <\/div> <\/div><\/div>","protected":false},"excerpt":{"rendered":"<p>NEWS \/ BERICHTE SEE ALL BLOG POSTS SG EXPRESS SG Express \u2013 die Infos zur aktuellen Saison ERGEBNISSE \/ TABELLEN Aktuelle Ergebnisse und Tabellen der SG Teams. JSG KOCHERTAL Jugenabteilung JSG Kochertal Teams der SG Die SG Degmarn Oedheim ist in der Saison 25\/26 mit 2 Herrenteams, einem Damenteam, sowie der AH40 im Spielbetrieb.Die Jugend&hellip; <br \/> <a class=\"read-more\" href=\"https:\/\/sgdoe.de\/?p=2175\">Weiterlesen<\/a><\/p>\n","protected":false},"author":1,"featured_media":0,"parent":0,"menu_order":0,"comment_status":"closed","ping_status":"closed","template":"page-templates\/page-with-right-sidebar.php","meta":{"footnotes":""},"class_list":["post-60","page","type-page","status-publish","hentry"],"_links":{"self":[{"href":"https:\/\/sgdoe.de\/index.php?rest_route=\/wp\/v2\/pages\/60","targetHints":{"allow":["GET"]}}],"collection":[{"href":"https:\/\/sgdoe.de\/index.php?rest_route=\/wp\/v2\/pages"}],"about":[{"href":"https:\/\/sgdoe.de\/index.php?rest_route=\/wp\/v2\/types\/page"}],"author":[{"embeddable":true,"href":"https:\/\/sgdoe.de\/index.php?rest_route=\/wp\/v2\/users\/1"}],"replies":[{"embeddable":true,"href":"https:\/\/sgdoe.de\/index.php?rest_route=%2Fwp%2Fv2%2Fcomments&post=60"}],"version-history":[{"count":56,"href":"https:\/\/sgdoe.de\/index.php?rest_route=\/wp\/v2\/pages\/60\/revisions"}],"predecessor-version":[{"id":2161,"href":"https:\/\/sgdoe.de\/index.php?rest_route=\/wp\/v2\/pages\/60\/revisions\/2161"}],"wp:attachment":[{"href":"https:\/\/sgdoe.de\/index.php?rest_route=%2Fwp%2Fv2%2Fmedia&parent=60"}],"curies":[{"name":"wp","href":"https:\/\/api.w.org\/{rel}","templated":true}]}}